{"id":126,"date":"2021-11-25T16:10:43","date_gmt":"2021-11-25T15:10:43","guid":{"rendered":"https:\/\/alps.testing-dev.one\/?page_id=126"},"modified":"2025-12-19T08:58:28","modified_gmt":"2025-12-19T07:58:28","slug":"spolecnost-alps-ve-svete","status":"publish","type":"page","link":"https:\/\/easyliner.eu\/cs\/spolecnost-alps-ve-svete\/","title":{"rendered":"Spole\u010dnost ALPS ve sv\u011bt\u011b"},"content":{"rendered":"","protected":false},"excerpt":{"rendered":"","protected":false},"author":1,"featured_media":0,"parent":0,"menu_order":22,"comment_status":"closed","ping_status":"closed","template":"page-templates\/alps_nel_mondo.php","meta":{"_acf_changed":false,"inline_featured_image":false,"_genesis_hide_title":false,"_genesis_hide_breadcrumbs":false,"_genesis_hide_singular_image":false,"_genesis_hide_footer_widgets":false,"_genesis_custom_body_class":"","_genesis_custom_post_class":"","_genesis_layout":"full-width-content","footnotes":""},"acf":[],"_links":{"self":[{"href":"https:\/\/easyliner.eu\/cs\/wp-json\/wp\/v2\/pages\/126"}],"collection":[{"href":"https:\/\/easyliner.eu\/cs\/wp-json\/wp\/v2\/pages"}],"about":[{"href":"https:\/\/easyliner.eu\/cs\/wp-json\/wp\/v2\/types\/page"}],"author":[{"embeddable":true,"href":"https:\/\/easyliner.eu\/cs\/wp-json\/wp\/v2\/users\/1"}],"replies":[{"embeddable":true,"href":"https:\/\/easyliner.eu\/cs\/wp-json\/wp\/v2\/comments?post=126"}],"version-history":[{"count":29,"href":"https:\/\/easyliner.eu\/cs\/wp-json\/wp\/v2\/pages\/126\/revisions"}],"predecessor-version":[{"id":3041,"href":"https:\/\/easyliner.eu\/cs\/wp-json\/wp\/v2\/pages\/126\/revisions\/3041"}],"wp:attachment":[{"href":"https:\/\/easyliner.eu\/cs\/wp-json\/wp\/v2\/media?parent=126"}],"curies":[{"name":"wp","href":"https:\/\/api.w.org\/{rel}","templated":true}]}}