{"id":1288,"date":"2022-04-04T13:27:45","date_gmt":"2022-04-04T11:27:45","guid":{"rendered":"https:\/\/easyliner.jumpgroup.it\/?page_id=1288"},"modified":"2023-01-19T12:53:20","modified_gmt":"2023-01-19T11:53:20","slug":"sada-pro-socialni-media","status":"publish","type":"page","link":"https:\/\/easyliner.eu\/cs\/profesionalove\/sada-pro-socialni-media\/","title":{"rendered":"Sada pro soci\u00e1ln\u00ed m\u00e9dia"},"content":{"rendered":"","protected":false},"excerpt":{"rendered":"","protected":false},"author":5,"featured_media":0,"parent":415,"menu_order":14,"comment_status":"closed","ping_status":"closed","template":"page-templates\/digital-kit.php","meta":{"_acf_changed":false,"inline_featured_image":false,"_genesis_hide_title":false,"_genesis_hide_breadcrumbs":false,"_genesis_hide_singular_image":false,"_genesis_hide_footer_widgets":false,"_genesis_custom_body_class":"","_genesis_custom_post_class":"","_genesis_layout":"full-width-content","footnotes":""},"acf":[],"_links":{"self":[{"href":"https:\/\/easyliner.eu\/cs\/wp-json\/wp\/v2\/pages\/1288"}],"collection":[{"href":"https:\/\/easyliner.eu\/cs\/wp-json\/wp\/v2\/pages"}],"about":[{"href":"https:\/\/easyliner.eu\/cs\/wp-json\/wp\/v2\/types\/page"}],"author":[{"embeddable":true,"href":"https:\/\/easyliner.eu\/cs\/wp-json\/wp\/v2\/users\/5"}],"replies":[{"embeddable":true,"href":"https:\/\/easyliner.eu\/cs\/wp-json\/wp\/v2\/comments?post=1288"}],"version-history":[{"count":7,"href":"https:\/\/easyliner.eu\/cs\/wp-json\/wp\/v2\/pages\/1288\/revisions"}],"predecessor-version":[{"id":2643,"href":"https:\/\/easyliner.eu\/cs\/wp-json\/wp\/v2\/pages\/1288\/revisions\/2643"}],"up":[{"embeddable":true,"href":"https:\/\/easyliner.eu\/cs\/wp-json\/wp\/v2\/pages\/415"}],"wp:attachment":[{"href":"https:\/\/easyliner.eu\/cs\/wp-json\/wp\/v2\/media?parent=1288"}],"curies":[{"name":"wp","href":"https:\/\/api.w.org\/{rel}","templated":true}]}}