{"id":1697,"date":"2022-04-22T11:29:37","date_gmt":"2022-04-22T09:29:37","guid":{"rendered":"https:\/\/easyliner.test\/cs\/?page_id=1697"},"modified":"2023-01-19T12:50:28","modified_gmt":"2023-01-19T11:50:28","slug":"souprava-pro-odlevani","status":"publish","type":"page","link":"https:\/\/easyliner.eu\/cs\/profesionalove\/souprava-pro-odlevani\/","title":{"rendered":"Souprava pro odl\u00e9v\u00e1n\u00ed"},"content":{"rendered":"<p>Vy\u017e\u00e1dejte si nyn\u00ed bezplatnou odl\u00e9vac\u00ed sadu ALPS Casting Kit: sadu protetick\u00fdch liner\u016f, kter\u00e9 m\u016f\u017eete pou\u017e\u00edt k vytvo\u0159en\u00ed s\u00e1drov\u00e9ho odlitku pro pacienta a urychlit a usnadnit si tak pr\u00e1ci.<\/p>\n","protected":false},"excerpt":{"rendered":"<p>Vy\u017e\u00e1dejte si nyn\u00ed bezplatnou odl\u00e9vac\u00ed sadu ALPS Casting Kit: sadu protetick\u00fdch liner\u016f, kter\u00e9 m\u016f\u017eete pou\u017e\u00edt k vytvo\u0159en\u00ed s\u00e1drov\u00e9ho odlitku pro [&hellip;]<\/p>\n","protected":false},"author":3,"featured_media":0,"parent":415,"menu_order":13,"comment_status":"closed","ping_status":"closed","template":"page-templates\/casting-kit.php","meta":{"_acf_changed":false,"inline_featured_image":false,"_genesis_hide_title":false,"_genesis_hide_breadcrumbs":false,"_genesis_hide_singular_image":false,"_genesis_hide_footer_widgets":false,"_genesis_custom_body_class":"","_genesis_custom_post_class":"","_genesis_layout":"","footnotes":""},"acf":[],"_links":{"self":[{"href":"https:\/\/easyliner.eu\/cs\/wp-json\/wp\/v2\/pages\/1697"}],"collection":[{"href":"https:\/\/easyliner.eu\/cs\/wp-json\/wp\/v2\/pages"}],"about":[{"href":"https:\/\/easyliner.eu\/cs\/wp-json\/wp\/v2\/types\/page"}],"author":[{"embeddable":true,"href":"https:\/\/easyliner.eu\/cs\/wp-json\/wp\/v2\/users\/3"}],"replies":[{"embeddable":true,"href":"https:\/\/easyliner.eu\/cs\/wp-json\/wp\/v2\/comments?post=1697"}],"version-history":[{"count":12,"href":"https:\/\/easyliner.eu\/cs\/wp-json\/wp\/v2\/pages\/1697\/revisions"}],"predecessor-version":[{"id":2641,"href":"https:\/\/easyliner.eu\/cs\/wp-json\/wp\/v2\/pages\/1697\/revisions\/2641"}],"up":[{"embeddable":true,"href":"https:\/\/easyliner.eu\/cs\/wp-json\/wp\/v2\/pages\/415"}],"wp:attachment":[{"href":"https:\/\/easyliner.eu\/cs\/wp-json\/wp\/v2\/media?parent=1697"}],"curies":[{"name":"wp","href":"https:\/\/api.w.org\/{rel}","templated":true}]}}