{"id":1714,"date":"2022-04-22T18:24:56","date_gmt":"2022-04-22T16:24:56","guid":{"rendered":"https:\/\/easyliner.jumpgroup.it\/?page_id=1714"},"modified":"2023-01-18T22:29:10","modified_gmt":"2023-01-18T21:29:10","slug":"selektor-produktoveho-kodu","status":"publish","type":"page","link":"https:\/\/easyliner.eu\/cs\/selektor-produktoveho-kodu\/","title":{"rendered":"Selektor produktov\u00e9ho k\u00f3du"},"content":{"rendered":"<h3><span style=\"color: #009d95;\">Nastavte si<\/span> objedn\u00e1vku<\/h3>\n<p>N\u00e1\u0161 selektor produktov\u00e9ho k\u00f3du umo\u017e\u0148uje <strong>snadno ur\u010dit k\u00f3d<\/strong> takov\u00e9ho <strong>v\u00fdrobku, kter\u00fd nejl\u00e9pe vyhovuje pot\u0159eb\u00e1m u\u017eivatel\u016f<\/strong>, tak\u017ee objedn\u00e1vku lze zadat rychle a snadno.<\/p>\n<p><strong>Pokud jste u\u017eivatel(ka) protetick\u00fdch v\u00fdrobk\u016f<\/strong>, napi\u0161te n\u00e1m na adresu <a href=\"mailto:info@easyliner.eu\" target=\"_blank\" rel=\"noreferrer noopener\">info@easyliner.eu<\/a> a my v\u00e1m pom\u016f\u017eeme naj\u00edt nejbli\u017e\u0161\u00ed prodejnu ortopedick\u00fdch pot\u0159eb, kde najdete v\u0161echny pot\u0159ebn\u00e9 v\u00fdrobky ALPS BioStep\u2122.<\/p>\n","protected":false},"excerpt":{"rendered":"<p>Nastavte si objedn\u00e1vku N\u00e1\u0161 selektor produktov\u00e9ho k\u00f3du umo\u017e\u0148uje snadno ur\u010dit k\u00f3d takov\u00e9ho v\u00fdrobku, kter\u00fd nejl\u00e9pe vyhovuje pot\u0159eb\u00e1m u\u017eivatel\u016f, tak\u017ee objedn\u00e1vku [&hellip;]<\/p>\n","protected":false},"author":3,"featured_media":0,"parent":0,"menu_order":5,"comment_status":"closed","ping_status":"closed","template":"page-templates\/product-code-selector.php","meta":{"_acf_changed":false,"inline_featured_image":false,"_genesis_hide_title":false,"_genesis_hide_breadcrumbs":false,"_genesis_hide_singular_image":false,"_genesis_hide_footer_widgets":false,"_genesis_custom_body_class":"","_genesis_custom_post_class":"","_genesis_layout":"","footnotes":""},"acf":[],"_links":{"self":[{"href":"https:\/\/easyliner.eu\/cs\/wp-json\/wp\/v2\/pages\/1714"}],"collection":[{"href":"https:\/\/easyliner.eu\/cs\/wp-json\/wp\/v2\/pages"}],"about":[{"href":"https:\/\/easyliner.eu\/cs\/wp-json\/wp\/v2\/types\/page"}],"author":[{"embeddable":true,"href":"https:\/\/easyliner.eu\/cs\/wp-json\/wp\/v2\/users\/3"}],"replies":[{"embeddable":true,"href":"https:\/\/easyliner.eu\/cs\/wp-json\/wp\/v2\/comments?post=1714"}],"version-history":[{"count":5,"href":"https:\/\/easyliner.eu\/cs\/wp-json\/wp\/v2\/pages\/1714\/revisions"}],"predecessor-version":[{"id":2627,"href":"https:\/\/easyliner.eu\/cs\/wp-json\/wp\/v2\/pages\/1714\/revisions\/2627"}],"wp:attachment":[{"href":"https:\/\/easyliner.eu\/cs\/wp-json\/wp\/v2\/media?parent=1714"}],"curies":[{"name":"wp","href":"https:\/\/api.w.org\/{rel}","templated":true}]}}