{"id":210,"date":"2021-12-02T23:50:16","date_gmt":"2021-12-02T22:50:16","guid":{"rendered":"https:\/\/alps.testing-dev.one\/?page_id=210"},"modified":"2023-01-19T13:05:48","modified_gmt":"2023-01-19T12:05:48","slug":"webinar","status":"publish","type":"page","link":"https:\/\/easyliner.eu\/cs\/webinar\/","title":{"rendered":"Webin\u00e1\u0159"},"content":{"rendered":"<p><strong>Mluv\u010d\u00ed<\/strong>: Pan\u00ed Giulia Serio<\/p>\n<p>Protetick\u00e9 linery a zav\u011b\u0161en\u00ed prot\u00e9zy hraj\u00ed kl\u00ed\u010dovou roli p\u0159i zaji\u0161\u0165ov\u00e1n\u00ed pohodl\u00ed pot\u0159ebn\u00e9ho pro celodenn\u00ed no\u0161en\u00ed prot\u00e9zy.<\/p>\n<p>Jak tedy nejl\u00e9pe vybrat optim\u00e1ln\u00ed liner a zav\u011b\u0161en\u00ed prot\u00e9zy pro ka\u017ed\u00e9ho u\u017eivatele?<br \/>\nPro\u010d je p\u0159i v\u00fdb\u011bru dokonal\u00e9ho lineru tak d\u016fle\u017eit\u00e9 zam\u011b\u0159it se p\u0159edev\u0161\u00edm na jednotlivce?<br \/>\nJak pom\u00e1h\u00e1 zv\u00fd\u0161en\u00fd podtlak zajistit v\u011bt\u0161\u00ed pohodl\u00ed?<br \/>\nNa na\u0161em semin\u00e1\u0159i se budeme zab\u00fdvat v\u0161emi t\u011bmito ot\u00e1zkami a hlavn\u011b v\u00e1m poskytneme inovativn\u00ed n\u00e1stroj, kter\u00fd v\u00e1m usnadn\u00ed v\u00fdb\u011br lineru.<\/p>\n","protected":false},"excerpt":{"rendered":"<p>Mluv\u010d\u00ed: Pan\u00ed Giulia Serio Protetick\u00e9 linery a zav\u011b\u0161en\u00ed prot\u00e9zy hraj\u00ed kl\u00ed\u010dovou roli p\u0159i zaji\u0161\u0165ov\u00e1n\u00ed pohodl\u00ed pot\u0159ebn\u00e9ho pro celodenn\u00ed no\u0161en\u00ed prot\u00e9zy. [&hellip;]<\/p>\n","protected":false},"author":1,"featured_media":1207,"parent":0,"menu_order":20,"comment_status":"closed","ping_status":"closed","template":"page-templates\/webinar.php","meta":{"_acf_changed":false,"inline_featured_image":false,"_genesis_hide_title":false,"_genesis_hide_breadcrumbs":false,"_genesis_hide_singular_image":false,"_genesis_hide_footer_widgets":false,"_genesis_custom_body_class":"","_genesis_custom_post_class":"","_genesis_layout":"full-width-content","footnotes":""},"acf":[],"_links":{"self":[{"href":"https:\/\/easyliner.eu\/cs\/wp-json\/wp\/v2\/pages\/210"}],"collection":[{"href":"https:\/\/easyliner.eu\/cs\/wp-json\/wp\/v2\/pages"}],"about":[{"href":"https:\/\/easyliner.eu\/cs\/wp-json\/wp\/v2\/types\/page"}],"author":[{"embeddable":true,"href":"https:\/\/easyliner.eu\/cs\/wp-json\/wp\/v2\/users\/1"}],"replies":[{"embeddable":true,"href":"https:\/\/easyliner.eu\/cs\/wp-json\/wp\/v2\/comments?post=210"}],"version-history":[{"count":26,"href":"https:\/\/easyliner.eu\/cs\/wp-json\/wp\/v2\/pages\/210\/revisions"}],"predecessor-version":[{"id":2647,"href":"https:\/\/easyliner.eu\/cs\/wp-json\/wp\/v2\/pages\/210\/revisions\/2647"}],"wp:featuredmedia":[{"embeddable":true,"href":"https:\/\/easyliner.eu\/cs\/wp-json\/wp\/v2\/media\/1207"}],"wp:attachment":[{"href":"https:\/\/easyliner.eu\/cs\/wp-json\/wp\/v2\/media?parent=210"}],"curies":[{"name":"wp","href":"https:\/\/api.w.org\/{rel}","templated":true}]}}