{"id":2387,"date":"2022-10-07T10:16:27","date_gmt":"2022-10-07T08:16:27","guid":{"rendered":"https:\/\/easyliner.eu\/?page_id=2387"},"modified":"2023-02-10T15:01:02","modified_gmt":"2023-02-10T14:01:02","slug":"temporary-socket-with-alps-v-i-p","status":"publish","type":"page","link":"https:\/\/easyliner.eu\/cs\/temporary-socket-with-alps-v-i-p\/","title":{"rendered":"Do\u010dasn\u00fd soket s v\u00fdv\u011bvou ALPS V.I.P"},"content":{"rendered":"<p>Pod\u00edvejte se na toto video, a uvid\u00edte, jak snadn\u00e1 je instalace v\u00fdv\u011bvy ALPS V.I.P. do do\u010dasn\u00fdch soket\u016f. Syst\u00e9m vy\u017eaduje pou\u017eit\u00ed n\u00e1vleku pro zav\u011b\u0161en\u00ed prot\u00e9zy, jako je nap\u0159\u00edklad n\u00e1vlek ALPS SFX Flex Sleeve, v kombinaci s polstrovan\u00fdm linerem nebo linerem ALPS Smart Seal Liner, aby se vytvo\u0159ilo proxim\u00e1ln\u00ed ut\u011bsn\u011bn\u00ed. K vytvo\u0159en\u00ed do\u010dasn\u00e9ho soketu jsme pou\u017eili tyto polo\u017eky:<\/p>\n<ul>\n<li>Integrovan\u00e1 v\u00fdv\u011bva V.I.P. Vacuum Integrated Pump \u2013 (\u010d. d\u00edlu VIP-DL).<\/li>\n<li>Maketa pro V.I.P. (\u010d. d\u00edlu VE319-D).<\/li>\n<li>Upev\u0148ovac\u00ed desti\u010dka k v\u00fdv\u011bv\u011b V.I.P. (\u010d. d\u00edlu VE819-P).<\/li>\n<\/ul>\n<p>Adapt\u00e9r se 4 otvory k soketu ALPS. Integrovan\u00e1 v\u00fdv\u011bva: Hi-tech jednoduchost<\/p>\n","protected":false},"excerpt":{"rendered":"<p>Pod\u00edvejte se na toto video, a uvid\u00edte, jak snadn\u00e1 je instalace v\u00fdv\u011bvy ALPS V.I.P. do do\u010dasn\u00fdch soket\u016f. Syst\u00e9m vy\u017eaduje pou\u017eit\u00ed [&hellip;]<\/p>\n","protected":false},"author":19,"featured_media":0,"parent":0,"menu_order":4,"comment_status":"closed","ping_status":"closed","template":"page-templates\/video.php","meta":{"_acf_changed":false,"inline_featured_image":false,"_genesis_hide_title":false,"_genesis_hide_breadcrumbs":false,"_genesis_hide_singular_image":false,"_genesis_hide_footer_widgets":false,"_genesis_custom_body_class":"","_genesis_custom_post_class":"","_genesis_layout":"full-width-content","footnotes":""},"acf":[],"_links":{"self":[{"href":"https:\/\/easyliner.eu\/cs\/wp-json\/wp\/v2\/pages\/2387"}],"collection":[{"href":"https:\/\/easyliner.eu\/cs\/wp-json\/wp\/v2\/pages"}],"about":[{"href":"https:\/\/easyliner.eu\/cs\/wp-json\/wp\/v2\/types\/page"}],"author":[{"embeddable":true,"href":"https:\/\/easyliner.eu\/cs\/wp-json\/wp\/v2\/users\/19"}],"replies":[{"embeddable":true,"href":"https:\/\/easyliner.eu\/cs\/wp-json\/wp\/v2\/comments?post=2387"}],"version-history":[{"count":7,"href":"https:\/\/easyliner.eu\/cs\/wp-json\/wp\/v2\/pages\/2387\/revisions"}],"predecessor-version":[{"id":2672,"href":"https:\/\/easyliner.eu\/cs\/wp-json\/wp\/v2\/pages\/2387\/revisions\/2672"}],"wp:attachment":[{"href":"https:\/\/easyliner.eu\/cs\/wp-json\/wp\/v2\/media?parent=2387"}],"curies":[{"name":"wp","href":"https:\/\/api.w.org\/{rel}","templated":true}]}}