{"id":2391,"date":"2022-10-07T16:33:51","date_gmt":"2022-10-07T14:33:51","guid":{"rendered":"https:\/\/easyliner.eu\/?page_id=2391"},"modified":"2023-02-10T15:03:48","modified_gmt":"2023-02-10T14:03:48","slug":"alps-linersleeve-care","status":"publish","type":"page","link":"https:\/\/easyliner.eu\/cs\/alps-linersleeve-care\/","title":{"rendered":"P\u00e9\u010de o linery a n\u00e1vleky od ALPS"},"content":{"rendered":"<p>Kroky k udr\u017een\u00ed \u010distoty protetick\u00fdch n\u00e1vlek\u016f nebo liner\u016f ALPS jsou jednoduch\u00e9, ale z\u00e1sadn\u00ed. Udr\u017eov\u00e1n\u00ed lineru v \u010distot\u011b je nezbytn\u00e9 k tomu, abyste se vyhnuli dal\u0161\u00edm probl\u00e9m\u016fm. Toto video v\u00e1m uk\u00e1\u017ee n\u011bkolik jednoduch\u00fdch pokyn\u016f, jak udr\u017eovat protetick\u00fd liner a n\u00e1vlek v \u010distot\u011b..<\/p>\n","protected":false},"excerpt":{"rendered":"<p>Kroky k udr\u017een\u00ed \u010distoty protetick\u00fdch n\u00e1vlek\u016f nebo liner\u016f ALPS jsou jednoduch\u00e9, ale z\u00e1sadn\u00ed. Udr\u017eov\u00e1n\u00ed lineru v \u010distot\u011b je nezbytn\u00e9 k [&hellip;]<\/p>\n","protected":false},"author":19,"featured_media":0,"parent":0,"menu_order":3,"comment_status":"closed","ping_status":"closed","template":"page-templates\/video.php","meta":{"_acf_changed":false,"inline_featured_image":false,"_genesis_hide_title":false,"_genesis_hide_breadcrumbs":false,"_genesis_hide_singular_image":false,"_genesis_hide_footer_widgets":false,"_genesis_custom_body_class":"","_genesis_custom_post_class":"","_genesis_layout":"full-width-content","footnotes":""},"acf":[],"_links":{"self":[{"href":"https:\/\/easyliner.eu\/cs\/wp-json\/wp\/v2\/pages\/2391"}],"collection":[{"href":"https:\/\/easyliner.eu\/cs\/wp-json\/wp\/v2\/pages"}],"about":[{"href":"https:\/\/easyliner.eu\/cs\/wp-json\/wp\/v2\/types\/page"}],"author":[{"embeddable":true,"href":"https:\/\/easyliner.eu\/cs\/wp-json\/wp\/v2\/users\/19"}],"replies":[{"embeddable":true,"href":"https:\/\/easyliner.eu\/cs\/wp-json\/wp\/v2\/comments?post=2391"}],"version-history":[{"count":4,"href":"https:\/\/easyliner.eu\/cs\/wp-json\/wp\/v2\/pages\/2391\/revisions"}],"predecessor-version":[{"id":2675,"href":"https:\/\/easyliner.eu\/cs\/wp-json\/wp\/v2\/pages\/2391\/revisions\/2675"}],"wp:attachment":[{"href":"https:\/\/easyliner.eu\/cs\/wp-json\/wp\/v2\/media?parent=2391"}],"curies":[{"name":"wp","href":"https:\/\/api.w.org\/{rel}","templated":true}]}}