{"id":2398,"date":"2022-10-12T14:32:06","date_gmt":"2022-10-12T12:32:06","guid":{"rendered":"https:\/\/easyliner.eu\/?page_id=2398"},"modified":"2023-02-10T15:02:44","modified_gmt":"2023-02-10T14:02:44","slug":"definitive-socket-with-alps-v-i-p","status":"publish","type":"page","link":"https:\/\/easyliner.eu\/cs\/definitive-socket-with-alps-v-i-p\/","title":{"rendered":"Definitivn\u00ed soket s v\u00fdv\u011bvou ALPS V.I.P."},"content":{"rendered":"<p>Pod\u00edvejte se na toto video, a uvid\u00edte, jak snadn\u00e1 je instalace v\u00fdv\u011bvy ALPS V.I.P. do definitivn\u00edch soket\u016f. Syst\u00e9m vy\u017eaduje pou\u017eit\u00ed n\u00e1vleku pro zav\u011b\u0161en\u00ed prot\u00e9zy, jako je nap\u0159\u00edklad n\u00e1vlek ALPS SFX Flex Sleeve, v kombinaci s polstrovan\u00fdm linerem nebo linerem ALPS Smart Seal Liner, aby se vytvo\u0159ilo proxim\u00e1ln\u00ed ut\u011bsn\u011bn\u00ed. K vytvo\u0159en\u00ed definitivn\u00edho soketu jsme pou\u017eili tyto polo\u017eky.<\/p>\n<ul>\n<li>Integrovan\u00e1 v\u00fdv\u011bva V.I.P. Vacuum Integrated Pump \u2013 (\u010d. d\u00edlu VIP-DH)<\/li>\n<li>Maketa pro V.I.P. (\u010d. d\u00edlu VE319-D)<\/li>\n<li>Upev\u0148ovac\u00ed desti\u010dka k v\u00fdv\u011bv\u011b V.I.P. (\u010d. d\u00edlu VE819-P)<\/li>\n<\/ul>\n<p>Adapt\u00e9r se 4 otvory k soketu. Integrovan\u00e1 v\u00fdv\u011bva ALPS: Hi-tech jednoduchost<\/p>\n","protected":false},"excerpt":{"rendered":"<p>Pod\u00edvejte se na toto video, a uvid\u00edte, jak snadn\u00e1 je instalace v\u00fdv\u011bvy ALPS V.I.P. do definitivn\u00edch soket\u016f. Syst\u00e9m vy\u017eaduje pou\u017eit\u00ed [&hellip;]<\/p>\n","protected":false},"author":15,"featured_media":0,"parent":0,"menu_order":2,"comment_status":"closed","ping_status":"closed","template":"page-templates\/video.php","meta":{"_acf_changed":false,"inline_featured_image":false,"_genesis_hide_title":false,"_genesis_hide_breadcrumbs":false,"_genesis_hide_singular_image":false,"_genesis_hide_footer_widgets":false,"_genesis_custom_body_class":"","_genesis_custom_post_class":"","_genesis_layout":"full-width-content","footnotes":""},"acf":[],"_links":{"self":[{"href":"https:\/\/easyliner.eu\/cs\/wp-json\/wp\/v2\/pages\/2398"}],"collection":[{"href":"https:\/\/easyliner.eu\/cs\/wp-json\/wp\/v2\/pages"}],"about":[{"href":"https:\/\/easyliner.eu\/cs\/wp-json\/wp\/v2\/types\/page"}],"author":[{"embeddable":true,"href":"https:\/\/easyliner.eu\/cs\/wp-json\/wp\/v2\/users\/15"}],"replies":[{"embeddable":true,"href":"https:\/\/easyliner.eu\/cs\/wp-json\/wp\/v2\/comments?post=2398"}],"version-history":[{"count":3,"href":"https:\/\/easyliner.eu\/cs\/wp-json\/wp\/v2\/pages\/2398\/revisions"}],"predecessor-version":[{"id":2674,"href":"https:\/\/easyliner.eu\/cs\/wp-json\/wp\/v2\/pages\/2398\/revisions\/2674"}],"wp:attachment":[{"href":"https:\/\/easyliner.eu\/cs\/wp-json\/wp\/v2\/media?parent=2398"}],"curies":[{"name":"wp","href":"https:\/\/api.w.org\/{rel}","templated":true}]}}