{"id":2509,"date":"2022-12-14T10:12:06","date_gmt":"2022-12-14T09:12:06","guid":{"rendered":"https:\/\/easyliner.eu\/?page_id=2509"},"modified":"2023-02-07T10:35:43","modified_gmt":"2023-02-07T09:35:43","slug":"prosthetic-socks-code-selector","status":"publish","type":"page","link":"https:\/\/easyliner.eu\/cs\/prosthetic-socks-code-selector\/","title":{"rendered":"Prosthetic Socks code selector"},"content":{"rendered":"<h3>Vyhledejte si spr\u00e1vn\u00e9 \u010d\u00edslo d\u00edlu<\/h3>\n<p style=\"font-weight: 400;\">N\u00e1\u0161 selektor k\u00f3d\u016f protetick\u00fdch pun\u010do\u0161ek umo\u017e\u0148uje <strong>snadno vyhledat \u010d\u00edslo d\u00edlu takov\u00e9ho v\u00fdrobku<\/strong>, <strong>kter\u00fd nejl\u00e9pe spl\u0148uje pot\u0159eby u\u017eivatel\u016f<\/strong>, tak\u017ee zad\u00e1n\u00ed objedn\u00e1vky bude rychl\u00e9 a jednoduch\u00e9.<\/p>\n<p style=\"font-weight: 400;\"><strong>Pokud jste u\u017eivatel(ka) protetick\u00fdch v\u00fdrobk\u016f, napi\u0161te n\u00e1m na adresu<\/strong> <a href=\"mailto:info@easyliner.eu\">info@easyliner.eu<\/a> a my v\u00e1m pom\u016f\u017eeme naj\u00edt nejbli\u017e\u0161\u00ed prodejnu ortopedick\u00fdch pot\u0159eb, kde najdete v\u0161echny pot\u0159ebn\u00e9 v\u00fdrobky ALPS.<\/p>\n","protected":false},"excerpt":{"rendered":"<p>Vyhledejte si spr\u00e1vn\u00e9 \u010d\u00edslo d\u00edlu N\u00e1\u0161 selektor k\u00f3d\u016f protetick\u00fdch pun\u010do\u0161ek umo\u017e\u0148uje snadno vyhledat \u010d\u00edslo d\u00edlu takov\u00e9ho v\u00fdrobku, kter\u00fd nejl\u00e9pe spl\u0148uje [&hellip;]<\/p>\n","protected":false},"author":19,"featured_media":0,"parent":0,"menu_order":0,"comment_status":"closed","ping_status":"closed","template":"page-templates\/product-code-selector.php","meta":{"_acf_changed":false,"inline_featured_image":false,"_genesis_hide_title":false,"_genesis_hide_breadcrumbs":false,"_genesis_hide_singular_image":false,"_genesis_hide_footer_widgets":false,"_genesis_custom_body_class":"","_genesis_custom_post_class":"","_genesis_layout":"","footnotes":""},"acf":[],"_links":{"self":[{"href":"https:\/\/easyliner.eu\/cs\/wp-json\/wp\/v2\/pages\/2509"}],"collection":[{"href":"https:\/\/easyliner.eu\/cs\/wp-json\/wp\/v2\/pages"}],"about":[{"href":"https:\/\/easyliner.eu\/cs\/wp-json\/wp\/v2\/types\/page"}],"author":[{"embeddable":true,"href":"https:\/\/easyliner.eu\/cs\/wp-json\/wp\/v2\/users\/19"}],"replies":[{"embeddable":true,"href":"https:\/\/easyliner.eu\/cs\/wp-json\/wp\/v2\/comments?post=2509"}],"version-history":[{"count":5,"href":"https:\/\/easyliner.eu\/cs\/wp-json\/wp\/v2\/pages\/2509\/revisions"}],"predecessor-version":[{"id":2663,"href":"https:\/\/easyliner.eu\/cs\/wp-json\/wp\/v2\/pages\/2509\/revisions\/2663"}],"wp:attachment":[{"href":"https:\/\/easyliner.eu\/cs\/wp-json\/wp\/v2\/media?parent=2509"}],"curies":[{"name":"wp","href":"https:\/\/api.w.org\/{rel}","templated":true}]}}