{"id":2665,"date":"2023-02-09T16:43:14","date_gmt":"2023-02-09T15:43:14","guid":{"rendered":"https:\/\/easyliner.eu\/cs\/?page_id=2665"},"modified":"2023-02-09T16:43:14","modified_gmt":"2023-02-09T15:43:14","slug":"jak-se-starat-o-pahyl","status":"publish","type":"page","link":"https:\/\/easyliner.eu\/cs\/jak-se-starat-o-pahyl\/","title":{"rendered":"Jak se starat o pah\u00fdl"},"content":{"rendered":"<p>V obdob\u00ed bezprost\u0159edn\u011b po amputaci se zdravotnick\u00fd person\u00e1l postar\u00e1 o spr\u00e1vn\u00e9 a \u00fapln\u00e9 zhojen\u00ed r\u00e1ny a p\u0159esn\u011b v\u00e1m \u0159ekne, co m\u00e1te d\u011blat. Po p\u0159ekon\u00e1n\u00ed poopera\u010dn\u00ed f\u00e1ze v\u00e1m bude nasazena prot\u00e9za. Toto video v\u00e1m uk\u00e1\u017ee n\u011bkolik jednoduch\u00fdch pokyn\u016f, kter\u00fdmi se m\u016f\u017eete \u0159\u00eddit p\u0159i ka\u017edodenn\u00ed hygien\u011b, abyste zajistili, \u017ee k\u016f\u017ee pah\u00fdlu z\u016fstane zdrav\u00e1.<\/p>\n","protected":false},"excerpt":{"rendered":"<p>V obdob\u00ed bezprost\u0159edn\u011b po amputaci se zdravotnick\u00fd person\u00e1l postar\u00e1 o spr\u00e1vn\u00e9 a \u00fapln\u00e9 zhojen\u00ed r\u00e1ny a p\u0159esn\u011b v\u00e1m \u0159ekne, co [&hellip;]<\/p>\n","protected":false},"author":21,"featured_media":0,"parent":0,"menu_order":3,"comment_status":"closed","ping_status":"closed","template":"page-templates\/video.php","meta":{"_acf_changed":false,"inline_featured_image":false,"_genesis_hide_title":false,"_genesis_hide_breadcrumbs":false,"_genesis_hide_singular_image":false,"_genesis_hide_footer_widgets":false,"_genesis_custom_body_class":"","_genesis_custom_post_class":"","_genesis_layout":"full-width-content","footnotes":""},"acf":[],"_links":{"self":[{"href":"https:\/\/easyliner.eu\/cs\/wp-json\/wp\/v2\/pages\/2665"}],"collection":[{"href":"https:\/\/easyliner.eu\/cs\/wp-json\/wp\/v2\/pages"}],"about":[{"href":"https:\/\/easyliner.eu\/cs\/wp-json\/wp\/v2\/types\/page"}],"author":[{"embeddable":true,"href":"https:\/\/easyliner.eu\/cs\/wp-json\/wp\/v2\/users\/21"}],"replies":[{"embeddable":true,"href":"https:\/\/easyliner.eu\/cs\/wp-json\/wp\/v2\/comments?post=2665"}],"version-history":[{"count":1,"href":"https:\/\/easyliner.eu\/cs\/wp-json\/wp\/v2\/pages\/2665\/revisions"}],"predecessor-version":[{"id":2666,"href":"https:\/\/easyliner.eu\/cs\/wp-json\/wp\/v2\/pages\/2665\/revisions\/2666"}],"wp:attachment":[{"href":"https:\/\/easyliner.eu\/cs\/wp-json\/wp\/v2\/media?parent=2665"}],"curies":[{"name":"wp","href":"https:\/\/api.w.org\/{rel}","templated":true}]}}