{"id":2677,"date":"2023-02-21T10:55:24","date_gmt":"2023-02-21T09:55:24","guid":{"rendered":"https:\/\/easyliner.test\/cs\/?page_id=2677"},"modified":"2026-04-23T09:43:30","modified_gmt":"2026-04-23T07:43:30","slug":"filantropie","status":"publish","type":"page","link":"https:\/\/easyliner.eu\/cs\/zakladni-informace\/filantropie\/","title":{"rendered":"Filantropie"},"content":{"rendered":"<p><span data-sheets-value=\"{&quot;1&quot;:2,&quot;2&quot;:&quot;Ve spole\u010dnosti ALPS jsme odhodl\u00e1ni pom\u00e1hat jednotlivc\u016fm po cel\u00e9m sv\u011bt\u011b v jejich snaze zlep\u0161ovat svou mobilitu d\u00edky na\u0161\u00ed \u0161irok\u00e9 nab\u00eddce protetick\u00fdch \u0159e\u0161en\u00ed. Proto s hrdost\u00ed podporujeme nejr\u016fzn\u011bj\u0161\u00ed organizace, kter\u00e9 poskytuj\u00ed slu\u017eby osob\u00e1m s amputac\u00ed t\u00edm, \u017ee jim zaji\u0161\u0165uj\u00ed zdroje, je\u017e pot\u0159ebuj\u00ed k lep\u0161\u00edmu \u017eivotu, a tak\u00e9 s t\u011bmito organizacemi \u00fazce spolupracujeme.&quot;}\" data-sheets-userformat=\"{&quot;2&quot;:15299,&quot;3&quot;:{&quot;1&quot;:0},&quot;4&quot;:{&quot;1&quot;:2,&quot;2&quot;:65280},&quot;9&quot;:0,&quot;10&quot;:0,&quot;11&quot;:4,&quot;12&quot;:0,&quot;14&quot;:{&quot;1&quot;:2,&quot;2&quot;:3355443},&quot;15&quot;:&quot;Roboto&quot;,&quot;16&quot;:12}\">Ve spole\u010dnosti ALPS jsme odhodl\u00e1ni pom\u00e1hat jednotlivc\u016fm po cel\u00e9m sv\u011bt\u011b v jejich snaze zlep\u0161ovat svou mobilitu d\u00edky na\u0161\u00ed \u0161irok\u00e9 nab\u00eddce protetick\u00fdch \u0159e\u0161en\u00ed. Proto s hrdost\u00ed podporujeme nejr\u016fzn\u011bj\u0161\u00ed organizace, kter\u00e9 poskytuj\u00ed slu\u017eby osob\u00e1m s amputac\u00ed t\u00edm, \u017ee jim zaji\u0161\u0165uj\u00ed zdroje, je\u017e pot\u0159ebuj\u00ed k lep\u0161\u00edmu \u017eivotu, a tak\u00e9 s t\u011bmito organizacemi \u00fazce spolupracujeme. <strong>Making lives better.<\/strong><\/span><\/p>\n","protected":false},"excerpt":{"rendered":"<p>Ve spole\u010dnosti ALPS jsme odhodl\u00e1ni pom\u00e1hat jednotlivc\u016fm po cel\u00e9m sv\u011bt\u011b v jejich snaze zlep\u0161ovat svou mobilitu d\u00edky na\u0161\u00ed \u0161irok\u00e9 nab\u00eddce [&hellip;]<\/p>\n","protected":false},"author":3,"featured_media":0,"parent":92,"menu_order":0,"comment_status":"closed","ping_status":"closed","template":"page-templates\/philanthropy.php","meta":{"_acf_changed":false,"inline_featured_image":false,"_genesis_hide_title":false,"_genesis_hide_breadcrumbs":false,"_genesis_hide_singular_image":false,"_genesis_hide_footer_widgets":false,"_genesis_custom_body_class":"","_genesis_custom_post_class":"","_genesis_layout":"full-width-content","footnotes":""},"acf":[],"_links":{"self":[{"href":"https:\/\/easyliner.eu\/cs\/wp-json\/wp\/v2\/pages\/2677"}],"collection":[{"href":"https:\/\/easyliner.eu\/cs\/wp-json\/wp\/v2\/pages"}],"about":[{"href":"https:\/\/easyliner.eu\/cs\/wp-json\/wp\/v2\/types\/page"}],"author":[{"embeddable":true,"href":"https:\/\/easyliner.eu\/cs\/wp-json\/wp\/v2\/users\/3"}],"replies":[{"embeddable":true,"href":"https:\/\/easyliner.eu\/cs\/wp-json\/wp\/v2\/comments?post=2677"}],"version-history":[{"count":5,"href":"https:\/\/easyliner.eu\/cs\/wp-json\/wp\/v2\/pages\/2677\/revisions"}],"predecessor-version":[{"id":3104,"href":"https:\/\/easyliner.eu\/cs\/wp-json\/wp\/v2\/pages\/2677\/revisions\/3104"}],"up":[{"embeddable":true,"href":"https:\/\/easyliner.eu\/cs\/wp-json\/wp\/v2\/pages\/92"}],"wp:attachment":[{"href":"https:\/\/easyliner.eu\/cs\/wp-json\/wp\/v2\/media?parent=2677"}],"curies":[{"name":"wp","href":"https:\/\/api.w.org\/{rel}","templated":true}]}}