{"id":270,"date":"2021-12-06T22:12:20","date_gmt":"2021-12-06T21:12:20","guid":{"rendered":"https:\/\/alps.testing-dev.one\/?page_id=270"},"modified":"2023-03-17T12:59:33","modified_gmt":"2023-03-17T11:59:33","slug":"nase-vyrobky","status":"publish","type":"page","link":"https:\/\/easyliner.eu\/cs\/nase-vyrobky\/","title":{"rendered":"Na\u0161e v\u00fdrobky"},"content":{"rendered":"<p style=\"font-weight: 400;\">Spole\u010dnost ALPS se ji\u017e t\u00e9m\u011b\u0159 30 let zam\u011b\u0159uje na navrhov\u00e1n\u00ed a v\u00fdrobu pouze vysoce kvalitn\u00edch protetick\u00fdch liner\u016f, kter\u00e9 lidem umo\u017e\u0148uj\u00ed ve\u0161kerou pot\u0159ebnou mobilitu.<br \/>\n Spole\u010dnost ALPS se ji\u017e t\u00e9m\u011b\u0159 30 let zam\u011b\u0159uje na navrhov\u00e1n\u00ed a v\u00fdrobu pouze vysoce kvalitn\u00edch protetick\u00fdch liner\u016f, kter\u00e9 lidem umo\u017e\u0148uj\u00ed ve\u0161kerou pot\u0159ebnou mobilitu. Making Lives Better (Zlep\u0161ujeme Lidem \u017divot).<\/p>\n","protected":false},"excerpt":{"rendered":"<p>Spole\u010dnost ALPS se ji\u017e t\u00e9m\u011b\u0159 30 let zam\u011b\u0159uje na navrhov\u00e1n\u00ed a v\u00fdrobu pouze vysoce kvalitn\u00edch protetick\u00fdch liner\u016f, kter\u00e9 lidem umo\u017e\u0148uj\u00ed [&hellip;]<\/p>\n","protected":false},"author":1,"featured_media":0,"parent":0,"menu_order":18,"comment_status":"closed","ping_status":"closed","template":"page-templates\/our-products.php","meta":{"_acf_changed":false,"inline_featured_image":false,"_genesis_hide_title":false,"_genesis_hide_breadcrumbs":false,"_genesis_hide_singular_image":false,"_genesis_hide_footer_widgets":false,"_genesis_custom_body_class":"","_genesis_custom_post_class":"","_genesis_layout":"full-width-content","footnotes":""},"acf":[],"_links":{"self":[{"href":"https:\/\/easyliner.eu\/cs\/wp-json\/wp\/v2\/pages\/270"}],"collection":[{"href":"https:\/\/easyliner.eu\/cs\/wp-json\/wp\/v2\/pages"}],"about":[{"href":"https:\/\/easyliner.eu\/cs\/wp-json\/wp\/v2\/types\/page"}],"author":[{"embeddable":true,"href":"https:\/\/easyliner.eu\/cs\/wp-json\/wp\/v2\/users\/1"}],"replies":[{"embeddable":true,"href":"https:\/\/easyliner.eu\/cs\/wp-json\/wp\/v2\/comments?post=270"}],"version-history":[{"count":3,"href":"https:\/\/easyliner.eu\/cs\/wp-json\/wp\/v2\/pages\/270\/revisions"}],"predecessor-version":[{"id":2615,"href":"https:\/\/easyliner.eu\/cs\/wp-json\/wp\/v2\/pages\/270\/revisions\/2615"}],"wp:attachment":[{"href":"https:\/\/easyliner.eu\/cs\/wp-json\/wp\/v2\/media?parent=270"}],"curies":[{"name":"wp","href":"https:\/\/api.w.org\/{rel}","templated":true}]}}