{"id":2941,"date":"2025-05-29T12:46:06","date_gmt":"2025-05-29T10:46:06","guid":{"rendered":"https:\/\/easyliner.eu\/cs\/?page_id=2941"},"modified":"2025-05-29T12:46:06","modified_gmt":"2025-05-29T10:46:06","slug":"jak-krok-za-krokem-prepnout-mezi-vip-lock-a-vip","status":"publish","type":"page","link":"https:\/\/easyliner.eu\/cs\/jak-krok-za-krokem-prepnout-mezi-vip-lock-a-vip\/","title":{"rendered":"Jak krok za krokem p\u0159epnout mezi VIP Lock a VIP"},"content":{"rendered":"<p>Zjist\u011bte krok za krokem, jak snadno a rychle m\u016f\u017eete pomoc\u00ed z\u00e1mku ALPS VIP Lock a syst\u00e9mu ALPS VIP p\u0159ej\u00edt ze syst\u00e9mu pin &amp; lock na vakuov\u00e9 zav\u011b\u0161en\u00ed s drobn\u00fdmi \u00fapravami soketu.<\/p>\n<p>V tomto n\u00e1vodu pou\u017e\u00edv\u00e1 transtibi\u00e1ln\u00ed u\u017eivatel liner UltraSeal Liner v kombinaci s ALPS VIP.<\/p>\n","protected":false},"excerpt":{"rendered":"<p>Zjist\u011bte krok za krokem, jak snadno a rychle m\u016f\u017eete pomoc\u00ed z\u00e1mku ALPS VIP Lock a syst\u00e9mu ALPS VIP p\u0159ej\u00edt ze [&hellip;]<\/p>\n","protected":false},"author":31,"featured_media":0,"parent":0,"menu_order":2,"comment_status":"closed","ping_status":"closed","template":"page-templates\/video.php","meta":{"_acf_changed":false,"inline_featured_image":false,"_genesis_hide_title":false,"_genesis_hide_breadcrumbs":false,"_genesis_hide_singular_image":false,"_genesis_hide_footer_widgets":false,"_genesis_custom_body_class":"","_genesis_custom_post_class":"","_genesis_layout":"full-width-content","footnotes":""},"acf":[],"_links":{"self":[{"href":"https:\/\/easyliner.eu\/cs\/wp-json\/wp\/v2\/pages\/2941"}],"collection":[{"href":"https:\/\/easyliner.eu\/cs\/wp-json\/wp\/v2\/pages"}],"about":[{"href":"https:\/\/easyliner.eu\/cs\/wp-json\/wp\/v2\/types\/page"}],"author":[{"embeddable":true,"href":"https:\/\/easyliner.eu\/cs\/wp-json\/wp\/v2\/users\/31"}],"replies":[{"embeddable":true,"href":"https:\/\/easyliner.eu\/cs\/wp-json\/wp\/v2\/comments?post=2941"}],"version-history":[{"count":1,"href":"https:\/\/easyliner.eu\/cs\/wp-json\/wp\/v2\/pages\/2941\/revisions"}],"predecessor-version":[{"id":2943,"href":"https:\/\/easyliner.eu\/cs\/wp-json\/wp\/v2\/pages\/2941\/revisions\/2943"}],"wp:attachment":[{"href":"https:\/\/easyliner.eu\/cs\/wp-json\/wp\/v2\/media?parent=2941"}],"curies":[{"name":"wp","href":"https:\/\/api.w.org\/{rel}","templated":true}]}}