{"id":2944,"date":"2025-05-29T12:52:14","date_gmt":"2025-05-29T10:52:14","guid":{"rendered":"https:\/\/easyliner.eu\/cs\/?page_id=2944"},"modified":"2025-05-29T12:52:48","modified_gmt":"2025-05-29T10:52:48","slug":"jak-prepinat-mezi-vip-a-vip-lock","status":"publish","type":"page","link":"https:\/\/easyliner.eu\/cs\/jak-prepinat-mezi-vip-a-vip-lock\/","title":{"rendered":"Jak p\u0159ep\u00ednat mezi VIP a VIP Lock"},"content":{"rendered":"<p>Zjist\u011bte, jak snadno m\u016f\u017eete pomoc\u00ed syst\u00e9m\u016f ALPS VIP a ALPS VIP Lock p\u0159ej\u00edt ze syst\u00e9mu pin &amp; lock na vakuov\u00e9 zav\u011b\u0161en\u00ed nebo naopak, a to jen drobn\u00fdmi \u00fapravami soketu.<\/p>\n<p>V tomto n\u00e1vodu pou\u017e\u00edv\u00e1 transfemor\u00e1ln\u00ed u\u017eivatel liner UltraSeal v kombinaci s ALPS VIP.<\/p>\n","protected":false},"excerpt":{"rendered":"<p>Zjist\u011bte, jak snadno m\u016f\u017eete pomoc\u00ed syst\u00e9m\u016f ALPS VIP a ALPS VIP Lock p\u0159ej\u00edt ze syst\u00e9mu pin &amp; lock na vakuov\u00e9 [&hellip;]<\/p>\n","protected":false},"author":31,"featured_media":0,"parent":0,"menu_order":2,"comment_status":"closed","ping_status":"closed","template":"page-templates\/video.php","meta":{"_acf_changed":false,"inline_featured_image":false,"_genesis_hide_title":false,"_genesis_hide_breadcrumbs":false,"_genesis_hide_singular_image":false,"_genesis_hide_footer_widgets":false,"_genesis_custom_body_class":"","_genesis_custom_post_class":"","_genesis_layout":"full-width-content","footnotes":""},"acf":[],"_links":{"self":[{"href":"https:\/\/easyliner.eu\/cs\/wp-json\/wp\/v2\/pages\/2944"}],"collection":[{"href":"https:\/\/easyliner.eu\/cs\/wp-json\/wp\/v2\/pages"}],"about":[{"href":"https:\/\/easyliner.eu\/cs\/wp-json\/wp\/v2\/types\/page"}],"author":[{"embeddable":true,"href":"https:\/\/easyliner.eu\/cs\/wp-json\/wp\/v2\/users\/31"}],"replies":[{"embeddable":true,"href":"https:\/\/easyliner.eu\/cs\/wp-json\/wp\/v2\/comments?post=2944"}],"version-history":[{"count":2,"href":"https:\/\/easyliner.eu\/cs\/wp-json\/wp\/v2\/pages\/2944\/revisions"}],"predecessor-version":[{"id":2946,"href":"https:\/\/easyliner.eu\/cs\/wp-json\/wp\/v2\/pages\/2944\/revisions\/2946"}],"wp:attachment":[{"href":"https:\/\/easyliner.eu\/cs\/wp-json\/wp\/v2\/media?parent=2944"}],"curies":[{"name":"wp","href":"https:\/\/api.w.org\/{rel}","templated":true}]}}