{"id":3,"date":"2021-11-19T12:51:39","date_gmt":"2021-11-19T11:51:39","guid":{"rendered":"http:\/\/alps.testing-dev.one\/?page_id=3"},"modified":"2023-01-18T22:26:18","modified_gmt":"2023-01-18T21:26:18","slug":"zasady-ochrany-soukromi","status":"publish","type":"page","link":"https:\/\/easyliner.eu\/cs\/zasady-ochrany-soukromi\/","title":{"rendered":"Z\u00e1sady ochrany soukrom\u00ed"},"content":{"rendered":"<p>Zde si m\u016f\u017eete st\u00e1hnout ve\u0161ker\u00e9 informace o na\u0161ich z\u00e1sad\u00e1ch ochrany soukrom\u00ed.<\/p>\n","protected":false},"excerpt":{"rendered":"<p>Zde si m\u016f\u017eete st\u00e1hnout ve\u0161ker\u00e9 informace o na\u0161ich z\u00e1sad\u00e1ch ochrany soukrom\u00ed.<\/p>\n","protected":false},"author":1,"featured_media":0,"parent":0,"menu_order":25,"comment_status":"closed","ping_status":"closed","template":"page-templates\/privacy-policy.php","meta":{"_acf_changed":false,"inline_featured_image":false,"_genesis_hide_title":false,"_genesis_hide_breadcrumbs":false,"_genesis_hide_singular_image":false,"_genesis_hide_footer_widgets":false,"_genesis_custom_body_class":"","_genesis_custom_post_class":"","_genesis_layout":"","footnotes":""},"acf":[],"_links":{"self":[{"href":"https:\/\/easyliner.eu\/cs\/wp-json\/wp\/v2\/pages\/3"}],"collection":[{"href":"https:\/\/easyliner.eu\/cs\/wp-json\/wp\/v2\/pages"}],"about":[{"href":"https:\/\/easyliner.eu\/cs\/wp-json\/wp\/v2\/types\/page"}],"author":[{"embeddable":true,"href":"https:\/\/easyliner.eu\/cs\/wp-json\/wp\/v2\/users\/1"}],"replies":[{"embeddable":true,"href":"https:\/\/easyliner.eu\/cs\/wp-json\/wp\/v2\/comments?post=3"}],"version-history":[{"count":5,"href":"https:\/\/easyliner.eu\/cs\/wp-json\/wp\/v2\/pages\/3\/revisions"}],"predecessor-version":[{"id":2607,"href":"https:\/\/easyliner.eu\/cs\/wp-json\/wp\/v2\/pages\/3\/revisions\/2607"}],"wp:attachment":[{"href":"https:\/\/easyliner.eu\/cs\/wp-json\/wp\/v2\/media?parent=3"}],"curies":[{"name":"wp","href":"https:\/\/api.w.org\/{rel}","templated":true}]}}