{"id":3071,"date":"2026-03-06T08:59:04","date_gmt":"2026-03-06T07:59:04","guid":{"rendered":"https:\/\/easyliner.eu\/cs\/?page_id=3071"},"modified":"2026-03-06T08:59:04","modified_gmt":"2026-03-06T07:59:04","slug":"odlevani-za-pouziti-pro-fit-optigel-lineru","status":"publish","type":"page","link":"https:\/\/easyliner.eu\/cs\/odlevani-za-pouziti-pro-fit-optigel-lineru\/","title":{"rendered":"Odl\u00e9v\u00e1n\u00ed za pou\u017eit\u00ed Pro-Fit OptiGel Lineru: podrobn\u00fd postup pro gelov\u00e9 linery ALPS"},"content":{"rendered":"<p>V\u00a0tomto videu v\u00e1m uk\u00e1\u017eeme postup odl\u00e9v\u00e1n\u00ed za pou\u017eit\u00ed Pro-Fit OptiGel Lineru, p\u0159i\u010dem\u017e tento postup lze pou\u017e\u00edt u\u00a0v\u0161ech gelov\u00fdch liner\u016f ALPS. Tato p\u0159\u00edru\u010dka v\u00e1s provede jednotliv\u00fdmi f\u00e1zemi procesu a\u00a0zd\u016frazn\u00ed kl\u00ed\u010dov\u00e9 klinick\u00e9 aspekty, kter\u00e9 pomohou zajistit optim\u00e1ln\u00ed p\u0159izp\u016fsoben\u00ed soketu, spr\u00e1vn\u00e9 \u0159e\u0161en\u00ed zm\u011bn objemu pah\u00fdlu a\u00a0pohodl\u00ed u\u017eivatele. Od aplikace lineru a\u017e po techniku odl\u00e9v\u00e1n\u00ed\u00a0\u2013 uvid\u00edte praktick\u00e9 tipy, kter\u00e9 v\u00e1m pomohou dos\u00e1hnout konzistentn\u00edch a reprodukovateln\u00fdch v\u00fdsledk\u016f v\u00a0ka\u017edodenn\u00ed praxi.<\/p>\n","protected":false},"excerpt":{"rendered":"<p>V\u00a0tomto videu v\u00e1m uk\u00e1\u017eeme postup odl\u00e9v\u00e1n\u00ed za pou\u017eit\u00ed Pro-Fit OptiGel Lineru, p\u0159i\u010dem\u017e tento postup lze pou\u017e\u00edt u\u00a0v\u0161ech gelov\u00fdch liner\u016f ALPS. [&hellip;]<\/p>\n","protected":false},"author":15,"featured_media":5175,"parent":0,"menu_order":0,"comment_status":"closed","ping_status":"closed","template":"page-templates\/video.php","meta":{"_acf_changed":false,"inline_featured_image":false,"_genesis_hide_title":false,"_genesis_hide_breadcrumbs":false,"_genesis_hide_singular_image":false,"_genesis_hide_footer_widgets":false,"_genesis_custom_body_class":"","_genesis_custom_post_class":"","_genesis_layout":"full-width-content","footnotes":""},"acf":[],"_links":{"self":[{"href":"https:\/\/easyliner.eu\/cs\/wp-json\/wp\/v2\/pages\/3071"}],"collection":[{"href":"https:\/\/easyliner.eu\/cs\/wp-json\/wp\/v2\/pages"}],"about":[{"href":"https:\/\/easyliner.eu\/cs\/wp-json\/wp\/v2\/types\/page"}],"author":[{"embeddable":true,"href":"https:\/\/easyliner.eu\/cs\/wp-json\/wp\/v2\/users\/15"}],"replies":[{"embeddable":true,"href":"https:\/\/easyliner.eu\/cs\/wp-json\/wp\/v2\/comments?post=3071"}],"version-history":[{"count":2,"href":"https:\/\/easyliner.eu\/cs\/wp-json\/wp\/v2\/pages\/3071\/revisions"}],"predecessor-version":[{"id":3074,"href":"https:\/\/easyliner.eu\/cs\/wp-json\/wp\/v2\/pages\/3071\/revisions\/3074"}],"wp:featuredmedia":[{"embeddable":true,"href":"https:\/\/easyliner.eu\/cs\/wp-json\/"}],"wp:attachment":[{"href":"https:\/\/easyliner.eu\/cs\/wp-json\/wp\/v2\/media?parent=3071"}],"curies":[{"name":"wp","href":"https:\/\/api.w.org\/{rel}","templated":true}]}}