{"id":360,"date":"2021-12-09T17:25:01","date_gmt":"2021-12-09T16:25:01","guid":{"rendered":"https:\/\/alps.testing-dev.one\/?page_id=360"},"modified":"2023-03-17T12:59:47","modified_gmt":"2023-03-17T11:59:47","slug":"ambasadori","status":"publish","type":"page","link":"https:\/\/easyliner.eu\/cs\/ambasadori\/","title":{"rendered":"Ambasado\u0159i"},"content":{"rendered":"<p>Nechte se inspirovat p\u0159\u00edb\u011bhy, kter\u00e9 n\u00e1s motivuj\u00ed k tomu, abychom ka\u017ed\u00fd den d\u011blali maximum pro zlep\u0161en\u00ed \u017eivota a mobility lid\u00ed, kte\u0159\u00ed p\u0159i\u0161li o nohu.<br \/>\n Jsou to p\u0159\u00edb\u011bhy lid\u00ed, kte\u0159\u00ed na\u0161li motivaci a s\u00edlu za\u010d\u00edt znovu, vz\u00edt sv\u016fj \u017eivot do vlastn\u00edch rukou a prom\u011bnit ho v n\u011bco cenn\u00e9ho a jedine\u010dn\u00e9ho.<\/p>\n","protected":false},"excerpt":{"rendered":"<p>Nechte se inspirovat p\u0159\u00edb\u011bhy, kter\u00e9 n\u00e1s motivuj\u00ed k tomu, abychom ka\u017ed\u00fd den d\u011blali maximum pro zlep\u0161en\u00ed \u017eivota a mobility lid\u00ed, [&hellip;]<\/p>\n","protected":false},"author":1,"featured_media":0,"parent":0,"menu_order":17,"comment_status":"closed","ping_status":"closed","template":"page-templates\/testimonials.php","meta":{"_acf_changed":false,"inline_featured_image":false,"_genesis_hide_title":false,"_genesis_hide_breadcrumbs":false,"_genesis_hide_singular_image":false,"_genesis_hide_footer_widgets":false,"_genesis_custom_body_class":"","_genesis_custom_post_class":"","_genesis_layout":"full-width-content","footnotes":""},"acf":[],"_links":{"self":[{"href":"https:\/\/easyliner.eu\/cs\/wp-json\/wp\/v2\/pages\/360"}],"collection":[{"href":"https:\/\/easyliner.eu\/cs\/wp-json\/wp\/v2\/pages"}],"about":[{"href":"https:\/\/easyliner.eu\/cs\/wp-json\/wp\/v2\/types\/page"}],"author":[{"embeddable":true,"href":"https:\/\/easyliner.eu\/cs\/wp-json\/wp\/v2\/users\/1"}],"replies":[{"embeddable":true,"href":"https:\/\/easyliner.eu\/cs\/wp-json\/wp\/v2\/comments?post=360"}],"version-history":[{"count":5,"href":"https:\/\/easyliner.eu\/cs\/wp-json\/wp\/v2\/pages\/360\/revisions"}],"predecessor-version":[{"id":2616,"href":"https:\/\/easyliner.eu\/cs\/wp-json\/wp\/v2\/pages\/360\/revisions\/2616"}],"wp:attachment":[{"href":"https:\/\/easyliner.eu\/cs\/wp-json\/wp\/v2\/media?parent=360"}],"curies":[{"name":"wp","href":"https:\/\/api.w.org\/{rel}","templated":true}]}}