{"id":415,"date":"2021-12-11T01:13:38","date_gmt":"2021-12-11T00:13:38","guid":{"rendered":"https:\/\/alps.testing-dev.one\/?page_id=415"},"modified":"2026-03-30T15:01:53","modified_gmt":"2026-03-30T13:01:53","slug":"profesionalove","status":"publish","type":"page","link":"https:\/\/easyliner.eu\/cs\/profesionalove\/","title":{"rendered":"Profesion\u00e1lov\u00e9"},"content":{"rendered":"<p>V\u00edtejte v \u010d\u00e1sti webu v\u011bnovan\u00e9 odborn\u00edk\u016fm, kte\u0159\u00ed poskytuj\u00ed podporu u\u017eivatel\u016fm protetick\u00fdch prost\u0159edk\u016f. Najdete zde mno\u017estv\u00ed zdroj\u016f, kter\u00e9 spole\u010dnost ALPS vytvo\u0159ila speci\u00e1ln\u011b pro v\u00e1s a va\u0161i pr\u00e1ci: katalogy, n\u00e1vody, v\u00fdukov\u00e9 programy, n\u00e1stroje pro usnadn\u011bn\u00ed v\u00fdb\u011bru produkt\u016f a mnoho dal\u0161\u00edho.<\/p>\n","protected":false},"excerpt":{"rendered":"<p>V\u00edtejte v \u010d\u00e1sti webu v\u011bnovan\u00e9 odborn\u00edk\u016fm, kte\u0159\u00ed poskytuj\u00ed podporu u\u017eivatel\u016fm protetick\u00fdch prost\u0159edk\u016f. Najdete zde mno\u017estv\u00ed zdroj\u016f, kter\u00e9 spole\u010dnost ALPS vytvo\u0159ila [&hellip;]<\/p>\n","protected":false},"author":1,"featured_media":1335,"parent":0,"menu_order":12,"comment_status":"closed","ping_status":"closed","template":"page-templates\/professionals.php","meta":{"_acf_changed":false,"inline_featured_image":false,"_genesis_hide_title":false,"_genesis_hide_breadcrumbs":false,"_genesis_hide_singular_image":false,"_genesis_hide_footer_widgets":false,"_genesis_custom_body_class":"","_genesis_custom_post_class":"","_genesis_layout":"full-width-content","footnotes":""},"acf":[],"_links":{"self":[{"href":"https:\/\/easyliner.eu\/cs\/wp-json\/wp\/v2\/pages\/415"}],"collection":[{"href":"https:\/\/easyliner.eu\/cs\/wp-json\/wp\/v2\/pages"}],"about":[{"href":"https:\/\/easyliner.eu\/cs\/wp-json\/wp\/v2\/types\/page"}],"author":[{"embeddable":true,"href":"https:\/\/easyliner.eu\/cs\/wp-json\/wp\/v2\/users\/1"}],"replies":[{"embeddable":true,"href":"https:\/\/easyliner.eu\/cs\/wp-json\/wp\/v2\/comments?post=415"}],"version-history":[{"count":91,"href":"https:\/\/easyliner.eu\/cs\/wp-json\/wp\/v2\/pages\/415\/revisions"}],"predecessor-version":[{"id":3102,"href":"https:\/\/easyliner.eu\/cs\/wp-json\/wp\/v2\/pages\/415\/revisions\/3102"}],"wp:featuredmedia":[{"embeddable":true,"href":"https:\/\/easyliner.eu\/cs\/wp-json\/wp\/v2\/media\/1335"}],"wp:attachment":[{"href":"https:\/\/easyliner.eu\/cs\/wp-json\/wp\/v2\/media?parent=415"}],"curies":[{"name":"wp","href":"https:\/\/api.w.org\/{rel}","templated":true}]}}