{"id":1697,"date":"2022-04-22T11:29:37","date_gmt":"2022-04-22T09:29:37","guid":{"rendered":"https:\/\/easyliner.test\/de\/?page_id=1697"},"modified":"2022-10-24T16:16:10","modified_gmt":"2022-10-24T14:16:10","slug":"casting-kit","status":"publish","type":"page","link":"https:\/\/easyliner.eu\/de\/fachpersonal\/casting-kit\/","title":{"rendered":"Casting Kit"},"content":{"rendered":"<p><span style=\"font-weight: 400;\">Beantragen Sie jetzt Ihr kostenloses ALPS Casting Kit, den Anprobe- Satz f\u00fcr Prothesenliner, mit dem Sie Gipsabdr\u00fccke Ihrer Benutzer anfertigen k\u00f6nnen, um Ihre Arbeit schneller und leichter zu machen.<\/span><\/p>\n","protected":false},"excerpt":{"rendered":"<p>Beantragen Sie jetzt Ihr kostenloses ALPS Casting Kit, den Anprobe- Satz f\u00fcr Prothesenliner, mit dem Sie Gipsabdr\u00fccke Ihrer Benutzer anfertigen [&hellip;]<\/p>\n","protected":false},"author":3,"featured_media":0,"parent":415,"menu_order":0,"comment_status":"closed","ping_status":"closed","template":"page-templates\/casting-kit.php","meta":{"_acf_changed":false,"inline_featured_image":false,"_genesis_hide_title":false,"_genesis_hide_breadcrumbs":false,"_genesis_hide_singular_image":false,"_genesis_hide_footer_widgets":false,"_genesis_custom_body_class":"","_genesis_custom_post_class":"","_genesis_layout":"","footnotes":""},"acf":[],"_links":{"self":[{"href":"https:\/\/easyliner.eu\/de\/wp-json\/wp\/v2\/pages\/1697"}],"collection":[{"href":"https:\/\/easyliner.eu\/de\/wp-json\/wp\/v2\/pages"}],"about":[{"href":"https:\/\/easyliner.eu\/de\/wp-json\/wp\/v2\/types\/page"}],"author":[{"embeddable":true,"href":"https:\/\/easyliner.eu\/de\/wp-json\/wp\/v2\/users\/3"}],"replies":[{"embeddable":true,"href":"https:\/\/easyliner.eu\/de\/wp-json\/wp\/v2\/comments?post=1697"}],"version-history":[{"count":12,"href":"https:\/\/easyliner.eu\/de\/wp-json\/wp\/v2\/pages\/1697\/revisions"}],"predecessor-version":[{"id":2103,"href":"https:\/\/easyliner.eu\/de\/wp-json\/wp\/v2\/pages\/1697\/revisions\/2103"}],"up":[{"embeddable":true,"href":"https:\/\/easyliner.eu\/de\/wp-json\/wp\/v2\/pages\/415"}],"wp:attachment":[{"href":"https:\/\/easyliner.eu\/de\/wp-json\/wp\/v2\/media?parent=1697"}],"curies":[{"name":"wp","href":"https:\/\/api.w.org\/{rel}","templated":true}]}}