{"id":1714,"date":"2022-04-22T18:24:56","date_gmt":"2022-04-22T16:24:56","guid":{"rendered":"https:\/\/easyliner.jumpgroup.it\/?page_id=1714"},"modified":"2022-12-14T10:57:38","modified_gmt":"2022-12-14T09:57:38","slug":"produktcode","status":"publish","type":"page","link":"https:\/\/easyliner.eu\/de\/produktcode\/","title":{"rendered":"Ihre Bestellung einrichten"},"content":{"rendered":"<p>Mit unserer Auswahlfunktion f\u00fcr die Artikelnummer k\u00f6nnen Sie <strong>die Artikelnummer<\/strong> des <strong>Produkts<\/strong>, <strong>das den Anforderungen Ihres Benutzers am besten entspricht, ganz einfach finden<\/strong> und Ihre Bestellung schnell und einfach aufgeben.<\/p>\n<p><strong>Wenn Sie Prothesentr\u00e4ger sind<\/strong>, schicken Sie uns eine kurze E-Mail an die info@easyliner.eu. Wir helfen Ihnen, das Sanit\u00e4tshaus f\u00fcr Orthop\u00e4die in Ihrer N\u00e4he zu finden, in dem Sie alle ben\u00f6tigten Produkte von ALPS BioStep\u2122 finden.<\/p>\n","protected":false},"excerpt":{"rendered":"<p>Mit unserer Auswahlfunktion f\u00fcr die Artikelnummer k\u00f6nnen Sie die Artikelnummer des Produkts, das den Anforderungen Ihres Benutzers am besten entspricht, [&hellip;]<\/p>\n","protected":false},"author":3,"featured_media":0,"parent":0,"menu_order":0,"comment_status":"closed","ping_status":"closed","template":"page-templates\/product-code-selector.php","meta":{"_acf_changed":false,"inline_featured_image":false,"_genesis_hide_title":false,"_genesis_hide_breadcrumbs":false,"_genesis_hide_singular_image":false,"_genesis_hide_footer_widgets":false,"_genesis_custom_body_class":"","_genesis_custom_post_class":"","_genesis_layout":"","footnotes":""},"acf":[],"_links":{"self":[{"href":"https:\/\/easyliner.eu\/de\/wp-json\/wp\/v2\/pages\/1714"}],"collection":[{"href":"https:\/\/easyliner.eu\/de\/wp-json\/wp\/v2\/pages"}],"about":[{"href":"https:\/\/easyliner.eu\/de\/wp-json\/wp\/v2\/types\/page"}],"author":[{"embeddable":true,"href":"https:\/\/easyliner.eu\/de\/wp-json\/wp\/v2\/users\/3"}],"replies":[{"embeddable":true,"href":"https:\/\/easyliner.eu\/de\/wp-json\/wp\/v2\/comments?post=1714"}],"version-history":[{"count":6,"href":"https:\/\/easyliner.eu\/de\/wp-json\/wp\/v2\/pages\/1714\/revisions"}],"predecessor-version":[{"id":2115,"href":"https:\/\/easyliner.eu\/de\/wp-json\/wp\/v2\/pages\/1714\/revisions\/2115"}],"wp:attachment":[{"href":"https:\/\/easyliner.eu\/de\/wp-json\/wp\/v2\/media?parent=1714"}],"curies":[{"name":"wp","href":"https:\/\/api.w.org\/{rel}","templated":true}]}}