{"id":210,"date":"2021-12-02T23:50:16","date_gmt":"2021-12-02T22:50:16","guid":{"rendered":"https:\/\/alps.testing-dev.one\/?page_id=210"},"modified":"2022-05-17T15:07:56","modified_gmt":"2022-05-17T13:07:56","slug":"webinar","status":"publish","type":"page","link":"https:\/\/easyliner.eu\/de\/webinar\/","title":{"rendered":"Webinar"},"content":{"rendered":"<p><b>Referentin<\/b>: Fr. Dita Kotnourov\u00e1<\/p>\n<p>Prothesenliner und Aufh\u00e4ngungssysteme spielen eine Schl\u00fcsselrolle, um den erforderlichen Komfort zu garantieren, damit die Prothese den ganzen Tag getragen werden kann.<br \/>\nWie kann man am besten f\u00fcr jeden Patienten den perfekten Liner und das ideale Aufh\u00e4ngungssystem auszuw\u00e4hlen?<br \/>\nWarum ist es bei der Auswahl des besten Liners so wichtig, sich in erster Linie auf den Einzelnen zu konzentrieren?<br \/>\nWie tr\u00e4gt erh\u00f6htes Vakuum dazu bei, den Komfort zu verbessern?<br \/>\nWir werden all diese Fragen in unserem Workshop untersuchen und, was noch wichtiger ist, Ihnen ein innovatives Tool zur Verf\u00fcgung stellen, um die Auswahl der Liner zu erleichtern.<\/p>\n","protected":false},"excerpt":{"rendered":"<p>Referentin: Fr. Dita Kotnourov\u00e1 Prothesenliner und Aufh\u00e4ngungssysteme spielen eine Schl\u00fcsselrolle, um den erforderlichen Komfort zu garantieren, damit die Prothese den [&hellip;]<\/p>\n","protected":false},"author":1,"featured_media":2055,"parent":0,"menu_order":0,"comment_status":"closed","ping_status":"closed","template":"page-templates\/webinar.php","meta":{"_acf_changed":false,"inline_featured_image":false,"_genesis_hide_title":false,"_genesis_hide_breadcrumbs":false,"_genesis_hide_singular_image":false,"_genesis_hide_footer_widgets":false,"_genesis_custom_body_class":"","_genesis_custom_post_class":"","_genesis_layout":"full-width-content","footnotes":""},"acf":[],"_links":{"self":[{"href":"https:\/\/easyliner.eu\/de\/wp-json\/wp\/v2\/pages\/210"}],"collection":[{"href":"https:\/\/easyliner.eu\/de\/wp-json\/wp\/v2\/pages"}],"about":[{"href":"https:\/\/easyliner.eu\/de\/wp-json\/wp\/v2\/types\/page"}],"author":[{"embeddable":true,"href":"https:\/\/easyliner.eu\/de\/wp-json\/wp\/v2\/users\/1"}],"replies":[{"embeddable":true,"href":"https:\/\/easyliner.eu\/de\/wp-json\/wp\/v2\/comments?post=210"}],"version-history":[{"count":27,"href":"https:\/\/easyliner.eu\/de\/wp-json\/wp\/v2\/pages\/210\/revisions"}],"predecessor-version":[{"id":2014,"href":"https:\/\/easyliner.eu\/de\/wp-json\/wp\/v2\/pages\/210\/revisions\/2014"}],"wp:featuredmedia":[{"embeddable":true,"href":"https:\/\/easyliner.eu\/de\/wp-json\/"}],"wp:attachment":[{"href":"https:\/\/easyliner.eu\/de\/wp-json\/wp\/v2\/media?parent=210"}],"curies":[{"name":"wp","href":"https:\/\/api.w.org\/{rel}","templated":true}]}}