{"id":2119,"date":"2022-12-14T12:00:06","date_gmt":"2022-12-14T11:00:06","guid":{"rendered":"https:\/\/easyliner.eu\/de\/?page_id=2119"},"modified":"2023-02-06T11:54:49","modified_gmt":"2023-02-06T10:54:49","slug":"produktselektor-fuer-prothesenstruempfe","status":"publish","type":"page","link":"https:\/\/easyliner.eu\/de\/produktselektor-fuer-prothesenstruempfe\/","title":{"rendered":"Produktselektor f\u00fcr Prothesenstr\u00fcmpfe"},"content":{"rendered":"<h3>Finden Sie Ihre Artikelnummer<\/h3>\n<p>Mit unserer Auswahlfunktion f\u00fcr die Artikelnummer k\u00f6nnen Sie <strong>die Artikelnummer des Produkts, das den Anforderungen Ihres Benutzers am besten entspricht, ganz einfach<\/strong> finden und Ihre Bestellung schnell und einfach aufgeben.<\/p>\n<p><strong>Wenn Sie Prothesentr\u00e4ger sind<\/strong>, schicken Sie uns eine kurze E-Mail an die info@easyliner.eu. Wir helfen Ihnen, das Sanit\u00e4tshaus f\u00fcr Orthop\u00e4die in Ihrer N\u00e4he zu finden, in dem Sie alle ben\u00f6tigten Produkte von ALPS finden.<\/p>\n","protected":false},"excerpt":{"rendered":"<p>Finden Sie Ihre Artikelnummer Mit unserer Auswahlfunktion f\u00fcr die Artikelnummer k\u00f6nnen Sie die Artikelnummer des Produkts, das den Anforderungen Ihres [&hellip;]<\/p>\n","protected":false},"author":19,"featured_media":0,"parent":0,"menu_order":0,"comment_status":"closed","ping_status":"closed","template":"page-templates\/product-code-selector.php","meta":{"_acf_changed":false,"inline_featured_image":false,"_genesis_hide_title":false,"_genesis_hide_breadcrumbs":false,"_genesis_hide_singular_image":false,"_genesis_hide_footer_widgets":false,"_genesis_custom_body_class":"","_genesis_custom_post_class":"","_genesis_layout":"","footnotes":""},"acf":[],"_links":{"self":[{"href":"https:\/\/easyliner.eu\/de\/wp-json\/wp\/v2\/pages\/2119"}],"collection":[{"href":"https:\/\/easyliner.eu\/de\/wp-json\/wp\/v2\/pages"}],"about":[{"href":"https:\/\/easyliner.eu\/de\/wp-json\/wp\/v2\/types\/page"}],"author":[{"embeddable":true,"href":"https:\/\/easyliner.eu\/de\/wp-json\/wp\/v2\/users\/19"}],"replies":[{"embeddable":true,"href":"https:\/\/easyliner.eu\/de\/wp-json\/wp\/v2\/comments?post=2119"}],"version-history":[{"count":2,"href":"https:\/\/easyliner.eu\/de\/wp-json\/wp\/v2\/pages\/2119\/revisions"}],"predecessor-version":[{"id":2121,"href":"https:\/\/easyliner.eu\/de\/wp-json\/wp\/v2\/pages\/2119\/revisions\/2121"}],"wp:attachment":[{"href":"https:\/\/easyliner.eu\/de\/wp-json\/wp\/v2\/media?parent=2119"}],"curies":[{"name":"wp","href":"https:\/\/api.w.org\/{rel}","templated":true}]}}