{"id":2134,"date":"2023-02-09T16:03:55","date_gmt":"2023-02-09T15:03:55","guid":{"rendered":"https:\/\/easyliner.eu\/de\/?page_id=2134"},"modified":"2023-02-09T16:38:47","modified_gmt":"2023-02-09T15:38:47","slug":"how-to-take-care-of-residual-limb","status":"publish","type":"page","link":"https:\/\/easyliner.eu\/de\/how-to-take-care-of-residual-limb\/","title":{"rendered":"Die korrekte Pflege des Stumpfs"},"content":{"rendered":"<p>In der Zeit unmittelbar nach der Amputation stellt das medizinische Personal sicher, dass die Wunde richtig und vollst\u00e4ndig verheilt, und sagt Ihnen genau, was Sie zu tun haben. Nachdem die Heilungsphase nach der OP vor\u00fcber ist, wird Ihnen eine Prothese angepasst. Dieses Video enth\u00e4lt einige einfache Tipps f\u00fcr die t\u00e4gliche Hygiene, die sicherstellt, dass die Haut des Stumpfs gesund bleibt.<\/p>\n","protected":false},"excerpt":{"rendered":"<p>In der Zeit unmittelbar nach der Amputation stellt das medizinische Personal sicher, dass die Wunde richtig und vollst\u00e4ndig verheilt, und [&hellip;]<\/p>\n","protected":false},"author":21,"featured_media":0,"parent":0,"menu_order":0,"comment_status":"closed","ping_status":"closed","template":"page-templates\/video.php","meta":{"_acf_changed":false,"inline_featured_image":false,"_genesis_hide_title":false,"_genesis_hide_breadcrumbs":false,"_genesis_hide_singular_image":false,"_genesis_hide_footer_widgets":false,"_genesis_custom_body_class":"","_genesis_custom_post_class":"","_genesis_layout":"full-width-content","footnotes":""},"acf":[],"_links":{"self":[{"href":"https:\/\/easyliner.eu\/de\/wp-json\/wp\/v2\/pages\/2134"}],"collection":[{"href":"https:\/\/easyliner.eu\/de\/wp-json\/wp\/v2\/pages"}],"about":[{"href":"https:\/\/easyliner.eu\/de\/wp-json\/wp\/v2\/types\/page"}],"author":[{"embeddable":true,"href":"https:\/\/easyliner.eu\/de\/wp-json\/wp\/v2\/users\/21"}],"replies":[{"embeddable":true,"href":"https:\/\/easyliner.eu\/de\/wp-json\/wp\/v2\/comments?post=2134"}],"version-history":[{"count":2,"href":"https:\/\/easyliner.eu\/de\/wp-json\/wp\/v2\/pages\/2134\/revisions"}],"predecessor-version":[{"id":2157,"href":"https:\/\/easyliner.eu\/de\/wp-json\/wp\/v2\/pages\/2134\/revisions\/2157"}],"wp:attachment":[{"href":"https:\/\/easyliner.eu\/de\/wp-json\/wp\/v2\/media?parent=2134"}],"curies":[{"name":"wp","href":"https:\/\/api.w.org\/{rel}","templated":true}]}}