{"id":2160,"date":"2023-02-21T11:01:06","date_gmt":"2023-02-21T10:01:06","guid":{"rendered":"https:\/\/easyliner.test\/de\/?page_id=2160"},"modified":"2023-03-03T12:31:27","modified_gmt":"2023-03-03T11:31:27","slug":"philanthropic-responsibility","status":"publish","type":"page","link":"https:\/\/easyliner.eu\/de\/ueber-uns\/philanthropic-responsibility\/","title":{"rendered":"Philanthropie"},"content":{"rendered":"<p><span data-sheets-value=\"{&quot;1&quot;:2,&quot;2&quot;:&quot;Das Unternehmen ALPS setzt sich daf\u00fcr ein, Menschen weltweit mit seinem breiten Angebot an Prothesen dabei zu unterst\u00fctzten, ihre Mobilit\u00e4t zur\u00fcckzugewinnen. Wir sind deshalb stolz darauf, Organisationen zu unterst\u00fctzen, auch als Partner, die sich in den Dienst von Menschen stellen, die eine Gliedma\u00dfe verloren haben, und sie mit den Ressourcen versorgen, die sie f\u00fcr ein besseres Leben ben\u00f6tigen.&quot;}\" data-sheets-userformat=\"{&quot;2&quot;:15299,&quot;3&quot;:{&quot;1&quot;:0},&quot;4&quot;:{&quot;1&quot;:2,&quot;2&quot;:65280},&quot;9&quot;:0,&quot;10&quot;:0,&quot;11&quot;:4,&quot;12&quot;:0,&quot;14&quot;:{&quot;1&quot;:2,&quot;2&quot;:3355443},&quot;15&quot;:&quot;Roboto&quot;,&quot;16&quot;:12}\">Das Unternehmen ALPS setzt sich daf\u00fcr ein, Menschen weltweit mit seinem breiten Angebot an Prothesen dabei zu unterst\u00fctzten, ihre Mobilit\u00e4t zur\u00fcckzugewinnen. Wir sind deshalb stolz darauf, Organisationen zu unterst\u00fctzen, auch als Partner, die sich in den Dienst von Menschen stellen, die eine Gliedma\u00dfe verloren haben, und sie mit den Ressourcen versorgen, die sie f\u00fcr ein besseres Leben ben\u00f6tigen. <strong>Making lives better.<\/strong><\/span><\/p>\n","protected":false},"excerpt":{"rendered":"<p>Das Unternehmen ALPS setzt sich daf\u00fcr ein, Menschen weltweit mit seinem breiten Angebot an Prothesen dabei zu unterst\u00fctzten, ihre Mobilit\u00e4t [&hellip;]<\/p>\n","protected":false},"author":3,"featured_media":0,"parent":92,"menu_order":0,"comment_status":"closed","ping_status":"closed","template":"page-templates\/philanthropy.php","meta":{"_acf_changed":false,"inline_featured_image":false,"_genesis_hide_title":false,"_genesis_hide_breadcrumbs":false,"_genesis_hide_singular_image":false,"_genesis_hide_footer_widgets":false,"_genesis_custom_body_class":"","_genesis_custom_post_class":"","_genesis_layout":"full-width-content","footnotes":""},"acf":[],"_links":{"self":[{"href":"https:\/\/easyliner.eu\/de\/wp-json\/wp\/v2\/pages\/2160"}],"collection":[{"href":"https:\/\/easyliner.eu\/de\/wp-json\/wp\/v2\/pages"}],"about":[{"href":"https:\/\/easyliner.eu\/de\/wp-json\/wp\/v2\/types\/page"}],"author":[{"embeddable":true,"href":"https:\/\/easyliner.eu\/de\/wp-json\/wp\/v2\/users\/3"}],"replies":[{"embeddable":true,"href":"https:\/\/easyliner.eu\/de\/wp-json\/wp\/v2\/comments?post=2160"}],"version-history":[{"count":3,"href":"https:\/\/easyliner.eu\/de\/wp-json\/wp\/v2\/pages\/2160\/revisions"}],"predecessor-version":[{"id":2168,"href":"https:\/\/easyliner.eu\/de\/wp-json\/wp\/v2\/pages\/2160\/revisions\/2168"}],"up":[{"embeddable":true,"href":"https:\/\/easyliner.eu\/de\/wp-json\/wp\/v2\/pages\/92"}],"wp:attachment":[{"href":"https:\/\/easyliner.eu\/de\/wp-json\/wp\/v2\/media?parent=2160"}],"curies":[{"name":"wp","href":"https:\/\/api.w.org\/{rel}","templated":true}]}}