{"id":2242,"date":"2023-11-16T14:19:59","date_gmt":"2023-11-16T13:19:59","guid":{"rendered":"https:\/\/easyliner.eu\/de\/?page_id=2242"},"modified":"2023-11-16T14:21:34","modified_gmt":"2023-11-16T13:21:34","slug":"funktionsweise-der-alps-vip","status":"publish","type":"page","link":"https:\/\/easyliner.eu\/de\/funktionsweise-der-alps-vip\/","title":{"rendered":"Funktionsweise der ALPS VIP\u00ae"},"content":{"rendered":"<p><span style=\"font-weight: 400;\">Erfahren Sie, wie der einfache Hightech-Mechanismus der ALPS VIP\u00ae\u00ae(Vacuum Integrated Pump) eine erh\u00f6hten Vakuumaufh\u00e4ngung f\u00fcr Prothesentr\u00e4ger erzeugt. Dieses innovative System garantiert den ganzen Tag f\u00fcr einen sicheren Halt und hohen Komfort. Im Video erkl\u00e4ren wir Ihnen den Prozess Schritt f\u00fcr Schritt und zeigen Ihnen, wie diese leichte und batterielose Technologie einen echten Unterschied f\u00fcr Prothesentr\u00e4ger machen kann.<\/span><\/p>\n<p><span style=\"font-weight: 400;\">Erleben Sie den einfachen Hightech-Mechanismus der ALPS VIP\u00ae.<\/span><\/p>\n","protected":false},"excerpt":{"rendered":"<p>Erfahren Sie, wie der einfache Hightech-Mechanismus der ALPS VIP\u00ae\u00ae(Vacuum Integrated Pump) eine erh\u00f6hten Vakuumaufh\u00e4ngung f\u00fcr Prothesentr\u00e4ger erzeugt. Dieses innovative System [&hellip;]<\/p>\n","protected":false},"author":15,"featured_media":0,"parent":0,"menu_order":0,"comment_status":"closed","ping_status":"closed","template":"page-templates\/video.php","meta":{"_acf_changed":false,"inline_featured_image":false,"_genesis_hide_title":false,"_genesis_hide_breadcrumbs":false,"_genesis_hide_singular_image":false,"_genesis_hide_footer_widgets":false,"_genesis_custom_body_class":"","_genesis_custom_post_class":"","_genesis_layout":"full-width-content","footnotes":""},"acf":[],"_links":{"self":[{"href":"https:\/\/easyliner.eu\/de\/wp-json\/wp\/v2\/pages\/2242"}],"collection":[{"href":"https:\/\/easyliner.eu\/de\/wp-json\/wp\/v2\/pages"}],"about":[{"href":"https:\/\/easyliner.eu\/de\/wp-json\/wp\/v2\/types\/page"}],"author":[{"embeddable":true,"href":"https:\/\/easyliner.eu\/de\/wp-json\/wp\/v2\/users\/15"}],"replies":[{"embeddable":true,"href":"https:\/\/easyliner.eu\/de\/wp-json\/wp\/v2\/comments?post=2242"}],"version-history":[{"count":4,"href":"https:\/\/easyliner.eu\/de\/wp-json\/wp\/v2\/pages\/2242\/revisions"}],"predecessor-version":[{"id":2246,"href":"https:\/\/easyliner.eu\/de\/wp-json\/wp\/v2\/pages\/2242\/revisions\/2246"}],"wp:attachment":[{"href":"https:\/\/easyliner.eu\/de\/wp-json\/wp\/v2\/media?parent=2242"}],"curies":[{"name":"wp","href":"https:\/\/api.w.org\/{rel}","templated":true}]}}