{"id":2486,"date":"2025-05-29T12:05:45","date_gmt":"2025-05-29T10:05:45","guid":{"rendered":"https:\/\/easyliner.eu\/de\/?page_id=2486"},"modified":"2025-05-29T12:05:45","modified_gmt":"2025-05-29T10:05:45","slug":"so-wechseln-sie-zwischen-vip-und-vip-lock","status":"publish","type":"page","link":"https:\/\/easyliner.eu\/de\/so-wechseln-sie-zwischen-vip-und-vip-lock\/","title":{"rendered":"So wechseln Sie zwischen VIP und VIP Lock"},"content":{"rendered":"<p>Erfahren Sie, wie einfach Sie mit nur geringf\u00fcgigen \u00c4nderungen am Schaft vom Pin-&amp;-Lock-System zur Vakuum-System oder umgekehrt wechseln k\u00f6nnen \u2013 mit dem ALPS VIP und dem ALPS VIP Lock.<br \/>\nIn diesem Tutorial verwendet ein oberschenkelamputierter Benutzer den UltraSeal Liner in Kombination mit dem ALPS VIP.<\/p>\n","protected":false},"excerpt":{"rendered":"<p>Erfahren Sie, wie einfach Sie mit nur geringf\u00fcgigen \u00c4nderungen am Schaft vom Pin-&amp;-Lock-System zur Vakuum-System oder umgekehrt wechseln k\u00f6nnen \u2013 [&hellip;]<\/p>\n","protected":false},"author":15,"featured_media":0,"parent":0,"menu_order":0,"comment_status":"closed","ping_status":"closed","template":"page-templates\/video.php","meta":{"_acf_changed":false,"inline_featured_image":false,"_genesis_hide_title":false,"_genesis_hide_breadcrumbs":false,"_genesis_hide_singular_image":false,"_genesis_hide_footer_widgets":false,"_genesis_custom_body_class":"","_genesis_custom_post_class":"","_genesis_layout":"full-width-content","footnotes":""},"acf":[],"_links":{"self":[{"href":"https:\/\/easyliner.eu\/de\/wp-json\/wp\/v2\/pages\/2486"}],"collection":[{"href":"https:\/\/easyliner.eu\/de\/wp-json\/wp\/v2\/pages"}],"about":[{"href":"https:\/\/easyliner.eu\/de\/wp-json\/wp\/v2\/types\/page"}],"author":[{"embeddable":true,"href":"https:\/\/easyliner.eu\/de\/wp-json\/wp\/v2\/users\/15"}],"replies":[{"embeddable":true,"href":"https:\/\/easyliner.eu\/de\/wp-json\/wp\/v2\/comments?post=2486"}],"version-history":[{"count":2,"href":"https:\/\/easyliner.eu\/de\/wp-json\/wp\/v2\/pages\/2486\/revisions"}],"predecessor-version":[{"id":2488,"href":"https:\/\/easyliner.eu\/de\/wp-json\/wp\/v2\/pages\/2486\/revisions\/2488"}],"wp:attachment":[{"href":"https:\/\/easyliner.eu\/de\/wp-json\/wp\/v2\/media?parent=2486"}],"curies":[{"name":"wp","href":"https:\/\/api.w.org\/{rel}","templated":true}]}}