{"id":2490,"date":"2025-05-29T12:06:59","date_gmt":"2025-05-29T10:06:59","guid":{"rendered":"https:\/\/easyliner.eu\/de\/?page_id=2490"},"modified":"2025-05-29T12:06:59","modified_gmt":"2025-05-29T10:06:59","slug":"so-wechseln-sie-schritt-fuer-schritt-zwischen-vip-lock-und-vip","status":"publish","type":"page","link":"https:\/\/easyliner.eu\/de\/so-wechseln-sie-schritt-fuer-schritt-zwischen-vip-lock-und-vip\/","title":{"rendered":"So wechseln Sie Schritt f\u00fcr Schritt zwischen VIP Lock und VIP"},"content":{"rendered":"<p>Erfahren Sie Schritt f\u00fcr Schritt, wie einfach und schnell Sie vom Pin-&amp;-Lock-System zur Vakuum-System wechseln k\u00f6nnen \u2013 mit nur kleinen Anpassungen am Schaft und mithilfe des ALPS VIP Lock und ALPS VIP.<br \/>\nIn diesem Tutorial verwendet ein unterschenkelamputierter Benutzer den UltraSeal Liner in Kombination mit dem ALPS VIP.<\/p>\n","protected":false},"excerpt":{"rendered":"<p>Erfahren Sie Schritt f\u00fcr Schritt, wie einfach und schnell Sie vom Pin-&amp;-Lock-System zur Vakuum-System wechseln k\u00f6nnen \u2013 mit nur kleinen [&hellip;]<\/p>\n","protected":false},"author":15,"featured_media":0,"parent":0,"menu_order":0,"comment_status":"closed","ping_status":"closed","template":"page-templates\/video.php","meta":{"_acf_changed":false,"inline_featured_image":false,"_genesis_hide_title":false,"_genesis_hide_breadcrumbs":false,"_genesis_hide_singular_image":false,"_genesis_hide_footer_widgets":false,"_genesis_custom_body_class":"","_genesis_custom_post_class":"","_genesis_layout":"full-width-content","footnotes":""},"acf":[],"_links":{"self":[{"href":"https:\/\/easyliner.eu\/de\/wp-json\/wp\/v2\/pages\/2490"}],"collection":[{"href":"https:\/\/easyliner.eu\/de\/wp-json\/wp\/v2\/pages"}],"about":[{"href":"https:\/\/easyliner.eu\/de\/wp-json\/wp\/v2\/types\/page"}],"author":[{"embeddable":true,"href":"https:\/\/easyliner.eu\/de\/wp-json\/wp\/v2\/users\/15"}],"replies":[{"embeddable":true,"href":"https:\/\/easyliner.eu\/de\/wp-json\/wp\/v2\/comments?post=2490"}],"version-history":[{"count":2,"href":"https:\/\/easyliner.eu\/de\/wp-json\/wp\/v2\/pages\/2490\/revisions"}],"predecessor-version":[{"id":2492,"href":"https:\/\/easyliner.eu\/de\/wp-json\/wp\/v2\/pages\/2490\/revisions\/2492"}],"wp:attachment":[{"href":"https:\/\/easyliner.eu\/de\/wp-json\/wp\/v2\/media?parent=2490"}],"curies":[{"name":"wp","href":"https:\/\/api.w.org\/{rel}","templated":true}]}}