{"id":415,"date":"2021-12-11T01:13:38","date_gmt":"2021-12-11T00:13:38","guid":{"rendered":"https:\/\/alps.testing-dev.one\/?page_id=415"},"modified":"2026-03-30T15:02:23","modified_gmt":"2026-03-30T13:02:23","slug":"fachpersonal","status":"publish","type":"page","link":"https:\/\/easyliner.eu\/de\/fachpersonal\/","title":{"rendered":"Fachpersonal"},"content":{"rendered":"<p><span style=\"font-weight: 400;\">Willkommen im Bereich der Website f\u00fcr den Bedarf von Klinikpersonal, Orthop\u00e4den und Prothetikern, die Patienten mit Prothesen versorgen. Hier finden Sie zahlreiche n\u00fctzliche Instrumente, die ALPS speziell f\u00fcr Sie und Ihre Arbeit entworfen hat: Kataloge, Anweisungen, Tutorials, Hilfetools bei der Produktauswahl und vieles mehr.<\/span><\/p>\n","protected":false},"excerpt":{"rendered":"<p>Willkommen im Bereich der Website f\u00fcr den Bedarf von Klinikpersonal, Orthop\u00e4den und Prothetikern, die Patienten mit Prothesen versorgen. Hier finden [&hellip;]<\/p>\n","protected":false},"author":1,"featured_media":1335,"parent":0,"menu_order":0,"comment_status":"closed","ping_status":"closed","template":"page-templates\/professionals.php","meta":{"_acf_changed":false,"inline_featured_image":false,"_genesis_hide_title":false,"_genesis_hide_breadcrumbs":false,"_genesis_hide_singular_image":false,"_genesis_hide_footer_widgets":false,"_genesis_custom_body_class":"","_genesis_custom_post_class":"","_genesis_layout":"full-width-content","footnotes":""},"acf":[],"_links":{"self":[{"href":"https:\/\/easyliner.eu\/de\/wp-json\/wp\/v2\/pages\/415"}],"collection":[{"href":"https:\/\/easyliner.eu\/de\/wp-json\/wp\/v2\/pages"}],"about":[{"href":"https:\/\/easyliner.eu\/de\/wp-json\/wp\/v2\/types\/page"}],"author":[{"embeddable":true,"href":"https:\/\/easyliner.eu\/de\/wp-json\/wp\/v2\/users\/1"}],"replies":[{"embeddable":true,"href":"https:\/\/easyliner.eu\/de\/wp-json\/wp\/v2\/comments?post=415"}],"version-history":[{"count":96,"href":"https:\/\/easyliner.eu\/de\/wp-json\/wp\/v2\/pages\/415\/revisions"}],"predecessor-version":[{"id":2663,"href":"https:\/\/easyliner.eu\/de\/wp-json\/wp\/v2\/pages\/415\/revisions\/2663"}],"wp:featuredmedia":[{"embeddable":true,"href":"https:\/\/easyliner.eu\/de\/wp-json\/wp\/v2\/media\/1335"}],"wp:attachment":[{"href":"https:\/\/easyliner.eu\/de\/wp-json\/wp\/v2\/media?parent=415"}],"curies":[{"name":"wp","href":"https:\/\/api.w.org\/{rel}","templated":true}]}}