{"id":1714,"date":"2022-04-22T18:24:56","date_gmt":"2022-04-22T16:24:56","guid":{"rendered":"https:\/\/easyliner.jumpgroup.it\/?page_id=1714"},"modified":"2022-12-14T11:08:04","modified_gmt":"2022-12-14T10:08:04","slug":"selector-de-codigo-de-producto","status":"publish","type":"page","link":"https:\/\/easyliner.eu\/es\/selector-de-codigo-de-producto\/","title":{"rendered":"Selector de c\u00f3digo de producto"},"content":{"rendered":"<h3><span style=\"color: #009d95;\">\u00a1Configure<\/span> su pedido!<\/h3>\n<p>Nuestro selector de c\u00f3digos de producto <strong>facilita la identificaci\u00f3n del c\u00f3digo<\/strong> del <strong>producto que mejor responde a las necesidades del usuario<\/strong>, para que hacer pedidos sea r\u00e1pido y sencillo.<\/p>\n<p><strong>Si Usted es un usuario de productos prot\u00e9sicos<\/strong>, escr\u00edbanos a la direcci\u00f3n <a href=\"mailto:info@easyliner.eu\" target=\"_blank\" rel=\"noreferrer noopener\">info@easyliner.eu<\/a> y le ayudaremos a encontrar la tienda de ortopedia m\u00e1s cercana donde encontrar todos los productos ALPS BioStep\u2122 que necesite.<\/p>\n","protected":false},"excerpt":{"rendered":"<p>\u00a1Configure su pedido! Nuestro selector de c\u00f3digos de producto facilita la identificaci\u00f3n del c\u00f3digo del producto que mejor responde a [&hellip;]<\/p>\n","protected":false},"author":3,"featured_media":0,"parent":0,"menu_order":0,"comment_status":"closed","ping_status":"closed","template":"page-templates\/product-code-selector.php","meta":{"_acf_changed":false,"inline_featured_image":false,"_genesis_hide_title":false,"_genesis_hide_breadcrumbs":false,"_genesis_hide_singular_image":false,"_genesis_hide_footer_widgets":false,"_genesis_custom_body_class":"","_genesis_custom_post_class":"","_genesis_layout":"","footnotes":""},"acf":[],"_links":{"self":[{"href":"https:\/\/easyliner.eu\/es\/wp-json\/wp\/v2\/pages\/1714"}],"collection":[{"href":"https:\/\/easyliner.eu\/es\/wp-json\/wp\/v2\/pages"}],"about":[{"href":"https:\/\/easyliner.eu\/es\/wp-json\/wp\/v2\/types\/page"}],"author":[{"embeddable":true,"href":"https:\/\/easyliner.eu\/es\/wp-json\/wp\/v2\/users\/3"}],"replies":[{"embeddable":true,"href":"https:\/\/easyliner.eu\/es\/wp-json\/wp\/v2\/comments?post=1714"}],"version-history":[{"count":6,"href":"https:\/\/easyliner.eu\/es\/wp-json\/wp\/v2\/pages\/1714\/revisions"}],"predecessor-version":[{"id":2386,"href":"https:\/\/easyliner.eu\/es\/wp-json\/wp\/v2\/pages\/1714\/revisions\/2386"}],"wp:attachment":[{"href":"https:\/\/easyliner.eu\/es\/wp-json\/wp\/v2\/media?parent=1714"}],"curies":[{"name":"wp","href":"https:\/\/api.w.org\/{rel}","templated":true}]}}