{"id":210,"date":"2021-12-02T23:50:16","date_gmt":"2021-12-02T22:50:16","guid":{"rendered":"https:\/\/alps.testing-dev.one\/?page_id=210"},"modified":"2022-07-14T13:06:58","modified_gmt":"2022-07-14T11:06:58","slug":"seminarios-web","status":"publish","type":"page","link":"https:\/\/easyliner.eu\/es\/seminarios-web\/","title":{"rendered":"Seminarios web"},"content":{"rendered":"<p><strong>Ponente<\/strong>: Sra. Giulia Serio<\/p>\n<p>Los liners y suspensiones prot\u00e9sicos juegan un papel clave para proporcionar la comodidad necesaria para llevar una pr\u00f3tesis todo el d\u00eda.<\/p>\n<p>\u00bfCu\u00e1l es la mejor forma de elegir los mejores liner y suspensi\u00f3n para cada usuario?<br \/>\n\u00bfPor qu\u00e9 es tan importante centrarse en la persona para elegir el liner perfecto?<br \/>\n\u00bfC\u00f3mo ayuda el vac\u00edo activo a mejorar la comodidad?<br \/>\nEn nuestro taller examinaremos todas estas cuestiones y, lo m\u00e1s importante, les proporcionaremos una innovadora herramienta para facilitar la selecci\u00f3n de liners.<\/p>\n","protected":false},"excerpt":{"rendered":"<p>Ponente: Sra. Giulia Serio Los liners y suspensiones prot\u00e9sicos juegan un papel clave para proporcionar la comodidad necesaria para llevar [&hellip;]<\/p>\n","protected":false},"author":1,"featured_media":1207,"parent":0,"menu_order":0,"comment_status":"closed","ping_status":"closed","template":"page-templates\/webinar.php","meta":{"_acf_changed":false,"inline_featured_image":false,"_genesis_hide_title":false,"_genesis_hide_breadcrumbs":false,"_genesis_hide_singular_image":false,"_genesis_hide_footer_widgets":false,"_genesis_custom_body_class":"","_genesis_custom_post_class":"","_genesis_layout":"full-width-content","footnotes":""},"acf":[],"_links":{"self":[{"href":"https:\/\/easyliner.eu\/es\/wp-json\/wp\/v2\/pages\/210"}],"collection":[{"href":"https:\/\/easyliner.eu\/es\/wp-json\/wp\/v2\/pages"}],"about":[{"href":"https:\/\/easyliner.eu\/es\/wp-json\/wp\/v2\/types\/page"}],"author":[{"embeddable":true,"href":"https:\/\/easyliner.eu\/es\/wp-json\/wp\/v2\/users\/1"}],"replies":[{"embeddable":true,"href":"https:\/\/easyliner.eu\/es\/wp-json\/wp\/v2\/comments?post=210"}],"version-history":[{"count":26,"href":"https:\/\/easyliner.eu\/es\/wp-json\/wp\/v2\/pages\/210\/revisions"}],"predecessor-version":[{"id":2274,"href":"https:\/\/easyliner.eu\/es\/wp-json\/wp\/v2\/pages\/210\/revisions\/2274"}],"wp:featuredmedia":[{"embeddable":true,"href":"https:\/\/easyliner.eu\/es\/wp-json\/wp\/v2\/media\/1207"}],"wp:attachment":[{"href":"https:\/\/easyliner.eu\/es\/wp-json\/wp\/v2\/media?parent=210"}],"curies":[{"name":"wp","href":"https:\/\/api.w.org\/{rel}","templated":true}]}}