{"id":2390,"date":"2022-12-14T12:01:50","date_gmt":"2022-12-14T11:01:50","guid":{"rendered":"https:\/\/easyliner.eu\/es\/?page_id=2390"},"modified":"2023-02-06T11:55:30","modified_gmt":"2023-02-06T10:55:30","slug":"selector-de-codigo-de-calcetines-protesicos","status":"publish","type":"page","link":"https:\/\/easyliner.eu\/es\/selector-de-codigo-de-calcetines-protesicos\/","title":{"rendered":"Selector de c\u00f3digo de calcetines prot\u00e9sicos"},"content":{"rendered":"<h3><span style=\"color: #009d95;\">Encuentre<\/span> su c\u00f3digo de producto<\/h3>\n<p>Nuestro selector de c\u00f3digos de producto <strong>facilita la identificaci\u00f3n del c\u00f3digo del producto que mejor responde a las necesidades del usuario<\/strong>, para que hacer pedidos sea r\u00e1pido y sencillo.<\/p>\n<p><strong>Si Usted es un usuario de productos prot\u00e9sicos<\/strong>, escr\u00edbanos a la direcci\u00f3n info@easyliner.eu y le ayudaremos a encontrar la tienda de ortopedia m\u00e1s cercana donde encontrar todos los productos ALPS que necesite.<\/p>\n","protected":false},"excerpt":{"rendered":"<p>Encuentre su c\u00f3digo de producto Nuestro selector de c\u00f3digos de producto facilita la identificaci\u00f3n del c\u00f3digo del producto que mejor [&hellip;]<\/p>\n","protected":false},"author":11,"featured_media":0,"parent":0,"menu_order":0,"comment_status":"closed","ping_status":"closed","template":"page-templates\/product-code-selector.php","meta":{"_acf_changed":false,"inline_featured_image":false,"_genesis_hide_title":false,"_genesis_hide_breadcrumbs":false,"_genesis_hide_singular_image":false,"_genesis_hide_footer_widgets":false,"_genesis_custom_body_class":"","_genesis_custom_post_class":"","_genesis_layout":"","footnotes":""},"acf":[],"_links":{"self":[{"href":"https:\/\/easyliner.eu\/es\/wp-json\/wp\/v2\/pages\/2390"}],"collection":[{"href":"https:\/\/easyliner.eu\/es\/wp-json\/wp\/v2\/pages"}],"about":[{"href":"https:\/\/easyliner.eu\/es\/wp-json\/wp\/v2\/types\/page"}],"author":[{"embeddable":true,"href":"https:\/\/easyliner.eu\/es\/wp-json\/wp\/v2\/users\/11"}],"replies":[{"embeddable":true,"href":"https:\/\/easyliner.eu\/es\/wp-json\/wp\/v2\/comments?post=2390"}],"version-history":[{"count":3,"href":"https:\/\/easyliner.eu\/es\/wp-json\/wp\/v2\/pages\/2390\/revisions"}],"predecessor-version":[{"id":2394,"href":"https:\/\/easyliner.eu\/es\/wp-json\/wp\/v2\/pages\/2390\/revisions\/2394"}],"wp:attachment":[{"href":"https:\/\/easyliner.eu\/es\/wp-json\/wp\/v2\/media?parent=2390"}],"curies":[{"name":"wp","href":"https:\/\/api.w.org\/{rel}","templated":true}]}}