{"id":2406,"date":"2023-02-10T14:45:43","date_gmt":"2023-02-10T13:45:43","guid":{"rendered":"https:\/\/easyliner.eu\/es\/?page_id=2406"},"modified":"2023-02-10T14:45:43","modified_gmt":"2023-02-10T13:45:43","slug":"como-cuidar-la-extremidad-residual","status":"publish","type":"page","link":"https:\/\/easyliner.eu\/es\/como-cuidar-la-extremidad-residual\/","title":{"rendered":"C\u00f3mo cuidar la extremidad residual"},"content":{"rendered":"<p>Durante el per\u00edodo inmediatamente posterior a una cirug\u00eda de amputaci\u00f3n, el personal m\u00e9dico tendr\u00e1 que asegurarse de que la herida cura correcta y totalmente, as\u00ed como de explicarle qu\u00e9 debe hacer. Una vez superada la fase postoperatoria, se le colocar\u00e1 una pr\u00f3tesis. Este v\u00eddeo le mostrar\u00e1 algunas indicaciones sencillas para seguirlas durante su rutina de higiene diaria para asegurarse de que la piel de la extremidad residual se mantiene sana.<\/p>\n","protected":false},"excerpt":{"rendered":"<p>Durante el per\u00edodo inmediatamente posterior a una cirug\u00eda de amputaci\u00f3n, el personal m\u00e9dico tendr\u00e1 que asegurarse de que la herida [&hellip;]<\/p>\n","protected":false},"author":21,"featured_media":0,"parent":0,"menu_order":0,"comment_status":"closed","ping_status":"closed","template":"page-templates\/video.php","meta":{"_acf_changed":false,"inline_featured_image":false,"_genesis_hide_title":false,"_genesis_hide_breadcrumbs":false,"_genesis_hide_singular_image":false,"_genesis_hide_footer_widgets":false,"_genesis_custom_body_class":"","_genesis_custom_post_class":"","_genesis_layout":"full-width-content","footnotes":""},"acf":[],"_links":{"self":[{"href":"https:\/\/easyliner.eu\/es\/wp-json\/wp\/v2\/pages\/2406"}],"collection":[{"href":"https:\/\/easyliner.eu\/es\/wp-json\/wp\/v2\/pages"}],"about":[{"href":"https:\/\/easyliner.eu\/es\/wp-json\/wp\/v2\/types\/page"}],"author":[{"embeddable":true,"href":"https:\/\/easyliner.eu\/es\/wp-json\/wp\/v2\/users\/21"}],"replies":[{"embeddable":true,"href":"https:\/\/easyliner.eu\/es\/wp-json\/wp\/v2\/comments?post=2406"}],"version-history":[{"count":1,"href":"https:\/\/easyliner.eu\/es\/wp-json\/wp\/v2\/pages\/2406\/revisions"}],"predecessor-version":[{"id":2407,"href":"https:\/\/easyliner.eu\/es\/wp-json\/wp\/v2\/pages\/2406\/revisions\/2407"}],"wp:attachment":[{"href":"https:\/\/easyliner.eu\/es\/wp-json\/wp\/v2\/media?parent=2406"}],"curies":[{"name":"wp","href":"https:\/\/api.w.org\/{rel}","templated":true}]}}