{"id":2418,"date":"2023-02-21T11:09:20","date_gmt":"2023-02-21T10:09:20","guid":{"rendered":"https:\/\/easyliner.test\/es\/?page_id=2418"},"modified":"2023-03-06T09:25:24","modified_gmt":"2023-03-06T08:25:24","slug":"filantropia","status":"publish","type":"page","link":"https:\/\/easyliner.eu\/es\/acerca-de\/filantropia\/","title":{"rendered":"Filantrop\u00eda"},"content":{"rendered":"<p><span data-sheets-value=\"{&quot;1&quot;:2,&quot;2&quot;:&quot;ALPS est\u00e1 comprometida a ayudar a personas de todo el mundo a mejorar su movilidad con nuestra amplia gama de soluciones prot\u00e9sicas. Por ello estamos orgullosos de apoyar y ayudar a organizaciones que atienden a quienes conviven con la p\u00e9rdida de alg\u00fan miembro proporcion\u00e1ndoles los recursos que necesitan para mejorar sus vidas.&quot;}\" data-sheets-userformat=\"{&quot;2&quot;:15299,&quot;3&quot;:{&quot;1&quot;:0},&quot;4&quot;:{&quot;1&quot;:2,&quot;2&quot;:65280},&quot;9&quot;:0,&quot;10&quot;:0,&quot;11&quot;:4,&quot;12&quot;:0,&quot;14&quot;:{&quot;1&quot;:2,&quot;2&quot;:3355443},&quot;15&quot;:&quot;Roboto&quot;,&quot;16&quot;:12}\">ALPS est\u00e1 comprometida a ayudar a personas de todo el mundo a mejorar su movilidad con nuestra amplia gama de soluciones prot\u00e9sicas. Por ello estamos orgullosos de apoyar y ayudar a organizaciones que atienden a quienes conviven con la p\u00e9rdida de alg\u00fan miembro proporcion\u00e1ndoles los recursos que necesitan para mejorar sus vidas. <strong>Making lives better.<\/strong><\/span><\/p>\n","protected":false},"excerpt":{"rendered":"<p>ALPS est\u00e1 comprometida a ayudar a personas de todo el mundo a mejorar su movilidad con nuestra amplia gama de [&hellip;]<\/p>\n","protected":false},"author":3,"featured_media":0,"parent":92,"menu_order":0,"comment_status":"closed","ping_status":"closed","template":"page-templates\/philanthropy.php","meta":{"_acf_changed":false,"inline_featured_image":false,"_genesis_hide_title":false,"_genesis_hide_breadcrumbs":false,"_genesis_hide_singular_image":false,"_genesis_hide_footer_widgets":false,"_genesis_custom_body_class":"","_genesis_custom_post_class":"","_genesis_layout":"full-width-content","footnotes":""},"acf":[],"_links":{"self":[{"href":"https:\/\/easyliner.eu\/es\/wp-json\/wp\/v2\/pages\/2418"}],"collection":[{"href":"https:\/\/easyliner.eu\/es\/wp-json\/wp\/v2\/pages"}],"about":[{"href":"https:\/\/easyliner.eu\/es\/wp-json\/wp\/v2\/types\/page"}],"author":[{"embeddable":true,"href":"https:\/\/easyliner.eu\/es\/wp-json\/wp\/v2\/users\/3"}],"replies":[{"embeddable":true,"href":"https:\/\/easyliner.eu\/es\/wp-json\/wp\/v2\/comments?post=2418"}],"version-history":[{"count":3,"href":"https:\/\/easyliner.eu\/es\/wp-json\/wp\/v2\/pages\/2418\/revisions"}],"predecessor-version":[{"id":2424,"href":"https:\/\/easyliner.eu\/es\/wp-json\/wp\/v2\/pages\/2418\/revisions\/2424"}],"up":[{"embeddable":true,"href":"https:\/\/easyliner.eu\/es\/wp-json\/wp\/v2\/pages\/92"}],"wp:attachment":[{"href":"https:\/\/easyliner.eu\/es\/wp-json\/wp\/v2\/media?parent=2418"}],"curies":[{"name":"wp","href":"https:\/\/api.w.org\/{rel}","templated":true}]}}