{"id":2492,"date":"2023-11-16T14:20:52","date_gmt":"2023-11-16T13:20:52","guid":{"rendered":"https:\/\/easyliner.eu\/es\/?page_id=2492"},"modified":"2023-11-16T14:20:52","modified_gmt":"2023-11-16T13:20:52","slug":"asi-funciona-alps-vip","status":"publish","type":"page","link":"https:\/\/easyliner.eu\/es\/asi-funciona-alps-vip\/","title":{"rendered":"As\u00ed funciona ALPS VIP\u00ae"},"content":{"rendered":"<p><span style=\"font-weight: 400;\">Descubra c\u00f3mo la sencillez de la alta tecnolog\u00eda de ALPS VIP\u00ae (Vacuum Integrated Pump &#8211; Bomba de vac\u00edo integrada) crea una suspensi\u00f3n por vac\u00edo activo para los usuarios con pr\u00f3tesis. Este innovador sistema garantiza un ajuste seguro y una mayor comodidad durante todo el d\u00eda. Vea c\u00f3mo explicamos el proceso paso a paso y descubra c\u00f3mo esta tecnolog\u00eda ligera y sin bater\u00eda puede significar una importante diferencia para los usuarios con pr\u00f3tesis.<\/span><\/p>\n<p><span style=\"font-weight: 400;\">Experimente la sencillez de la alta tecnolog\u00eda de ALPS VIP\u00ae.<\/span><\/p>\n","protected":false},"excerpt":{"rendered":"<p>Descubra c\u00f3mo la sencillez de la alta tecnolog\u00eda de ALPS VIP\u00ae (Vacuum Integrated Pump &#8211; Bomba de vac\u00edo integrada) crea [&hellip;]<\/p>\n","protected":false},"author":15,"featured_media":0,"parent":0,"menu_order":0,"comment_status":"closed","ping_status":"closed","template":"page-templates\/video.php","meta":{"_acf_changed":false,"inline_featured_image":false,"_genesis_hide_title":false,"_genesis_hide_breadcrumbs":false,"_genesis_hide_singular_image":false,"_genesis_hide_footer_widgets":false,"_genesis_custom_body_class":"","_genesis_custom_post_class":"","_genesis_layout":"full-width-content","footnotes":""},"acf":[],"_links":{"self":[{"href":"https:\/\/easyliner.eu\/es\/wp-json\/wp\/v2\/pages\/2492"}],"collection":[{"href":"https:\/\/easyliner.eu\/es\/wp-json\/wp\/v2\/pages"}],"about":[{"href":"https:\/\/easyliner.eu\/es\/wp-json\/wp\/v2\/types\/page"}],"author":[{"embeddable":true,"href":"https:\/\/easyliner.eu\/es\/wp-json\/wp\/v2\/users\/15"}],"replies":[{"embeddable":true,"href":"https:\/\/easyliner.eu\/es\/wp-json\/wp\/v2\/comments?post=2492"}],"version-history":[{"count":3,"href":"https:\/\/easyliner.eu\/es\/wp-json\/wp\/v2\/pages\/2492\/revisions"}],"predecessor-version":[{"id":2495,"href":"https:\/\/easyliner.eu\/es\/wp-json\/wp\/v2\/pages\/2492\/revisions\/2495"}],"wp:attachment":[{"href":"https:\/\/easyliner.eu\/es\/wp-json\/wp\/v2\/media?parent=2492"}],"curies":[{"name":"wp","href":"https:\/\/api.w.org\/{rel}","templated":true}]}}