{"id":2695,"date":"2025-05-29T12:20:22","date_gmt":"2025-05-29T10:20:22","guid":{"rendered":"https:\/\/easyliner.eu\/es\/?page_id=2695"},"modified":"2025-05-29T12:20:22","modified_gmt":"2025-05-29T10:20:22","slug":"como-cambiar-paso-a-paso-entre-vip-lock-y-vip","status":"publish","type":"page","link":"https:\/\/easyliner.eu\/es\/como-cambiar-paso-a-paso-entre-vip-lock-y-vip\/","title":{"rendered":"C\u00f3mo cambiar paso a paso entre VIP Lock y VIP"},"content":{"rendered":"<p>Descubra, paso a paso, lo f\u00e1cil y r\u00e1pido que es cambiar del sistema de pin y bloqueo a la suspensi\u00f3n por vac\u00edo con ligeros ajustes en el encaje utilizando ALPS VIP Lock y ALPS VIP.<br \/>\nEn este tutorial, un usuario con amputaci\u00f3n transtibial utiliza el liner UltraSeal en combinaci\u00f3n con el ALPS VIP.<\/p>\n","protected":false},"excerpt":{"rendered":"<p>Descubra, paso a paso, lo f\u00e1cil y r\u00e1pido que es cambiar del sistema de pin y bloqueo a la suspensi\u00f3n [&hellip;]<\/p>\n","protected":false},"author":15,"featured_media":0,"parent":0,"menu_order":0,"comment_status":"closed","ping_status":"closed","template":"page-templates\/video.php","meta":{"_acf_changed":false,"inline_featured_image":false,"_genesis_hide_title":false,"_genesis_hide_breadcrumbs":false,"_genesis_hide_singular_image":false,"_genesis_hide_footer_widgets":false,"_genesis_custom_body_class":"","_genesis_custom_post_class":"","_genesis_layout":"full-width-content","footnotes":""},"acf":[],"_links":{"self":[{"href":"https:\/\/easyliner.eu\/es\/wp-json\/wp\/v2\/pages\/2695"}],"collection":[{"href":"https:\/\/easyliner.eu\/es\/wp-json\/wp\/v2\/pages"}],"about":[{"href":"https:\/\/easyliner.eu\/es\/wp-json\/wp\/v2\/types\/page"}],"author":[{"embeddable":true,"href":"https:\/\/easyliner.eu\/es\/wp-json\/wp\/v2\/users\/15"}],"replies":[{"embeddable":true,"href":"https:\/\/easyliner.eu\/es\/wp-json\/wp\/v2\/comments?post=2695"}],"version-history":[{"count":2,"href":"https:\/\/easyliner.eu\/es\/wp-json\/wp\/v2\/pages\/2695\/revisions"}],"predecessor-version":[{"id":2697,"href":"https:\/\/easyliner.eu\/es\/wp-json\/wp\/v2\/pages\/2695\/revisions\/2697"}],"wp:attachment":[{"href":"https:\/\/easyliner.eu\/es\/wp-json\/wp\/v2\/media?parent=2695"}],"curies":[{"name":"wp","href":"https:\/\/api.w.org\/{rel}","templated":true}]}}