{"id":270,"date":"2021-12-06T22:12:20","date_gmt":"2021-12-06T21:12:20","guid":{"rendered":"https:\/\/alps.testing-dev.one\/?page_id=270"},"modified":"2023-08-22T13:23:28","modified_gmt":"2023-08-22T11:23:28","slug":"nuestros-productos","status":"publish","type":"page","link":"https:\/\/easyliner.eu\/es\/nuestros-productos\/","title":{"rendered":"Nuestros productos"},"content":{"rendered":"<p style=\"font-weight: 400;\">ALPS se ha centrado durante casi 30 a\u00f1os en dise\u00f1ar y fabricar \u00fanicamente liners prot\u00e9sicos de alta calidad para proporcionar a la gente toda la movilidad que necesitan.<br \/>\nGracias a su dedicaci\u00f3n a la innovaci\u00f3n, Alps ha desarrollado otras soluciones prot\u00e9sicas de alta calidad adem\u00e1s de los liners prot\u00e9sicos, inspirados por la misi\u00f3n que ha impulsado a la empresa desde 1988: Making Lives Better.<\/p>\n","protected":false},"excerpt":{"rendered":"<p>ALPS se ha centrado durante casi 30 a\u00f1os en dise\u00f1ar y fabricar \u00fanicamente liners prot\u00e9sicos de alta calidad para proporcionar [&hellip;]<\/p>\n","protected":false},"author":1,"featured_media":0,"parent":0,"menu_order":0,"comment_status":"closed","ping_status":"closed","template":"page-templates\/our-products.php","meta":{"_acf_changed":false,"inline_featured_image":false,"_genesis_hide_title":false,"_genesis_hide_breadcrumbs":false,"_genesis_hide_singular_image":false,"_genesis_hide_footer_widgets":false,"_genesis_custom_body_class":"","_genesis_custom_post_class":"","_genesis_layout":"full-width-content","footnotes":""},"acf":[],"_links":{"self":[{"href":"https:\/\/easyliner.eu\/es\/wp-json\/wp\/v2\/pages\/270"}],"collection":[{"href":"https:\/\/easyliner.eu\/es\/wp-json\/wp\/v2\/pages"}],"about":[{"href":"https:\/\/easyliner.eu\/es\/wp-json\/wp\/v2\/types\/page"}],"author":[{"embeddable":true,"href":"https:\/\/easyliner.eu\/es\/wp-json\/wp\/v2\/users\/1"}],"replies":[{"embeddable":true,"href":"https:\/\/easyliner.eu\/es\/wp-json\/wp\/v2\/comments?post=270"}],"version-history":[{"count":4,"href":"https:\/\/easyliner.eu\/es\/wp-json\/wp\/v2\/pages\/270\/revisions"}],"predecessor-version":[{"id":2271,"href":"https:\/\/easyliner.eu\/es\/wp-json\/wp\/v2\/pages\/270\/revisions\/2271"}],"wp:attachment":[{"href":"https:\/\/easyliner.eu\/es\/wp-json\/wp\/v2\/media?parent=270"}],"curies":[{"name":"wp","href":"https:\/\/api.w.org\/{rel}","templated":true}]}}