{"id":2831,"date":"2026-03-06T09:01:30","date_gmt":"2026-03-06T08:01:30","guid":{"rendered":"https:\/\/easyliner.eu\/es\/?page_id=2831"},"modified":"2026-03-06T09:01:30","modified_gmt":"2026-03-06T08:01:30","slug":"toma-de-molde-con-el-pro-fit-optigel-liner","status":"publish","type":"page","link":"https:\/\/easyliner.eu\/es\/toma-de-molde-con-el-pro-fit-optigel-liner\/","title":{"rendered":"Toma de molde con el Pro-Fit OptiGel Liner: Gu\u00eda cl\u00ednica paso a paso para liners de gel ALPS"},"content":{"rendered":"<p>En este v\u00eddeo demostramos el procedimiento de toma de molde con el Pro-Fit OptiGel Liner, siguiendo un proceso de trabajo aplicable a todos los liners de gel ALPS. Esta gu\u00eda le acompa\u00f1a paso a paso a lo largo de cada etapa del proceso, destacando consideraciones cl\u00ednicas clave para garantizar un ajuste \u00f3ptimo del encaje, una adecuada adaptaci\u00f3n de volumen y el confort del paciente. Desde la colocaci\u00f3n del liner hasta la t\u00e9cnica de moldeado, encontrar\u00e1 recomendaciones pr\u00e1cticas dise\u00f1adas para favorecer resultados constantes y reproducibles en la pr\u00e1ctica diaria.<\/p>\n","protected":false},"excerpt":{"rendered":"<p>En este v\u00eddeo demostramos el procedimiento de toma de molde con el Pro-Fit OptiGel Liner, siguiendo un proceso de trabajo [&hellip;]<\/p>\n","protected":false},"author":15,"featured_media":5175,"parent":0,"menu_order":0,"comment_status":"closed","ping_status":"closed","template":"page-templates\/video.php","meta":{"_acf_changed":false,"inline_featured_image":false,"_genesis_hide_title":false,"_genesis_hide_breadcrumbs":false,"_genesis_hide_singular_image":false,"_genesis_hide_footer_widgets":false,"_genesis_custom_body_class":"","_genesis_custom_post_class":"","_genesis_layout":"full-width-content","footnotes":""},"acf":[],"_links":{"self":[{"href":"https:\/\/easyliner.eu\/es\/wp-json\/wp\/v2\/pages\/2831"}],"collection":[{"href":"https:\/\/easyliner.eu\/es\/wp-json\/wp\/v2\/pages"}],"about":[{"href":"https:\/\/easyliner.eu\/es\/wp-json\/wp\/v2\/types\/page"}],"author":[{"embeddable":true,"href":"https:\/\/easyliner.eu\/es\/wp-json\/wp\/v2\/users\/15"}],"replies":[{"embeddable":true,"href":"https:\/\/easyliner.eu\/es\/wp-json\/wp\/v2\/comments?post=2831"}],"version-history":[{"count":2,"href":"https:\/\/easyliner.eu\/es\/wp-json\/wp\/v2\/pages\/2831\/revisions"}],"predecessor-version":[{"id":2834,"href":"https:\/\/easyliner.eu\/es\/wp-json\/wp\/v2\/pages\/2831\/revisions\/2834"}],"wp:featuredmedia":[{"embeddable":true,"href":"https:\/\/easyliner.eu\/es\/wp-json\/"}],"wp:attachment":[{"href":"https:\/\/easyliner.eu\/es\/wp-json\/wp\/v2\/media?parent=2831"}],"curies":[{"name":"wp","href":"https:\/\/api.w.org\/{rel}","templated":true}]}}