{"id":3,"date":"2021-11-19T12:51:39","date_gmt":"2021-11-19T11:51:39","guid":{"rendered":"http:\/\/alps.testing-dev.one\/?page_id=3"},"modified":"2022-07-14T11:35:44","modified_gmt":"2022-07-14T09:35:44","slug":"politica-de-privacidad","status":"publish","type":"page","link":"https:\/\/easyliner.eu\/es\/politica-de-privacidad\/","title":{"rendered":"Pol\u00edtica de privacidad"},"content":{"rendered":"<p>Aqu\u00ed puede descargar toda la informaci\u00f3n sobre nuestra pol\u00edtica de privacidad<\/p>\n","protected":false},"excerpt":{"rendered":"<p>Aqu\u00ed puede descargar toda la informaci\u00f3n sobre nuestra pol\u00edtica de privacidad<\/p>\n","protected":false},"author":1,"featured_media":0,"parent":0,"menu_order":0,"comment_status":"closed","ping_status":"closed","template":"page-templates\/privacy-policy.php","meta":{"_acf_changed":false,"inline_featured_image":false,"_genesis_hide_title":false,"_genesis_hide_breadcrumbs":false,"_genesis_hide_singular_image":false,"_genesis_hide_footer_widgets":false,"_genesis_custom_body_class":"","_genesis_custom_post_class":"","_genesis_layout":"","footnotes":""},"acf":[],"_links":{"self":[{"href":"https:\/\/easyliner.eu\/es\/wp-json\/wp\/v2\/pages\/3"}],"collection":[{"href":"https:\/\/easyliner.eu\/es\/wp-json\/wp\/v2\/pages"}],"about":[{"href":"https:\/\/easyliner.eu\/es\/wp-json\/wp\/v2\/types\/page"}],"author":[{"embeddable":true,"href":"https:\/\/easyliner.eu\/es\/wp-json\/wp\/v2\/users\/1"}],"replies":[{"embeddable":true,"href":"https:\/\/easyliner.eu\/es\/wp-json\/wp\/v2\/comments?post=3"}],"version-history":[{"count":5,"href":"https:\/\/easyliner.eu\/es\/wp-json\/wp\/v2\/pages\/3\/revisions"}],"predecessor-version":[{"id":2238,"href":"https:\/\/easyliner.eu\/es\/wp-json\/wp\/v2\/pages\/3\/revisions\/2238"}],"wp:attachment":[{"href":"https:\/\/easyliner.eu\/es\/wp-json\/wp\/v2\/media?parent=3"}],"curies":[{"name":"wp","href":"https:\/\/api.w.org\/{rel}","templated":true}]}}