{"id":1714,"date":"2022-04-22T18:24:56","date_gmt":"2022-04-22T16:24:56","guid":{"rendered":"https:\/\/easyliner.jumpgroup.it\/?page_id=1714"},"modified":"2022-12-14T11:08:02","modified_gmt":"2022-12-14T10:08:02","slug":"selecteur-de-code-produit","status":"publish","type":"page","link":"https:\/\/easyliner.eu\/fr\/selecteur-de-code-produit\/","title":{"rendered":"S\u00e9lecteur de code produit"},"content":{"rendered":"<h3><span style=\"color: #009d95;\">Configurez<\/span> votre commande<\/h3>\n<p>Gr\u00e2ce \u00e0 notre s\u00e9lecteur de code produit, <strong>il est facile d\u2019identifier le code<\/strong> du <strong>produit qui convient le mieux aux besoins de vos patients<\/strong>, de sorte que passer votre commande est rapide et simple.<\/p>\n<p><strong>Si vous \u00eates un utilisateur de produits proth\u00e9tiques<\/strong>, \u00e9crivez-nous \u00e0 <a href=\"mailto:info@easyliner.eu\" target=\"_blank\" rel=\"noreferrer noopener\">info@easyliner.eu<\/a> et nous vous aiderons \u00e0 trouver le magasin de fournitures orthop\u00e9diques le plus proche de chez vous o\u00f9 vous pourrez trouver tous les produits ALPS BioStep\u2122 dont vous avez besoin.<\/p>\n","protected":false},"excerpt":{"rendered":"<p>Configurez votre commande Gr\u00e2ce \u00e0 notre s\u00e9lecteur de code produit, il est facile d\u2019identifier le code du produit qui convient [&hellip;]<\/p>\n","protected":false},"author":3,"featured_media":0,"parent":0,"menu_order":0,"comment_status":"closed","ping_status":"closed","template":"page-templates\/product-code-selector.php","meta":{"_acf_changed":false,"inline_featured_image":false,"_genesis_hide_title":false,"_genesis_hide_breadcrumbs":false,"_genesis_hide_singular_image":false,"_genesis_hide_footer_widgets":false,"_genesis_custom_body_class":"","_genesis_custom_post_class":"","_genesis_layout":"","footnotes":""},"acf":[],"_links":{"self":[{"href":"https:\/\/easyliner.eu\/fr\/wp-json\/wp\/v2\/pages\/1714"}],"collection":[{"href":"https:\/\/easyliner.eu\/fr\/wp-json\/wp\/v2\/pages"}],"about":[{"href":"https:\/\/easyliner.eu\/fr\/wp-json\/wp\/v2\/types\/page"}],"author":[{"embeddable":true,"href":"https:\/\/easyliner.eu\/fr\/wp-json\/wp\/v2\/users\/3"}],"replies":[{"embeddable":true,"href":"https:\/\/easyliner.eu\/fr\/wp-json\/wp\/v2\/comments?post=1714"}],"version-history":[{"count":5,"href":"https:\/\/easyliner.eu\/fr\/wp-json\/wp\/v2\/pages\/1714\/revisions"}],"predecessor-version":[{"id":2305,"href":"https:\/\/easyliner.eu\/fr\/wp-json\/wp\/v2\/pages\/1714\/revisions\/2305"}],"wp:attachment":[{"href":"https:\/\/easyliner.eu\/fr\/wp-json\/wp\/v2\/media?parent=1714"}],"curies":[{"name":"wp","href":"https:\/\/api.w.org\/{rel}","templated":true}]}}