{"id":210,"date":"2021-12-02T23:50:16","date_gmt":"2021-12-02T22:50:16","guid":{"rendered":"https:\/\/alps.testing-dev.one\/?page_id=210"},"modified":"2022-07-17T22:55:34","modified_gmt":"2022-07-17T20:55:34","slug":"webinaire","status":"publish","type":"page","link":"https:\/\/easyliner.eu\/fr\/webinaire\/","title":{"rendered":"Webinaire"},"content":{"rendered":"<p><strong>Intervenant<\/strong>: Mme Giulia Serio<\/p>\n<p>Les manchons et les suspensions jouent un r\u00f4le essentiel en fournissant le confort n\u00e9cessaire pour continuer \u00e0 porter une proth\u00e8se pendant toute la journ\u00e9e.<\/p>\n<p>Alors, quel est le moyen id\u00e9al pour choisir le meilleur manchon et la meilleure suspension pour chaque utilisateur\u00a0?<br \/>\nPourquoi est-il si important de se concentrer d\u2019abord sur la personne pour choisir le meilleur manchon\u00a0?<br \/>\nEn quoi une d\u00e9pressurisation active aide-t-elle \u00e0 am\u00e9liorer le confort\u00a0?<br \/>\nNous \u00e9tudierons toutes ces questions lors de notre atelier et, plus important, nous vous fournirons un outil innovant pour faciliter la s\u00e9lection du manchon.<\/p>\n","protected":false},"excerpt":{"rendered":"<p>Intervenant: Mme Giulia Serio Les manchons et les suspensions jouent un r\u00f4le essentiel en fournissant le confort n\u00e9cessaire pour continuer [&hellip;]<\/p>\n","protected":false},"author":1,"featured_media":1207,"parent":0,"menu_order":0,"comment_status":"closed","ping_status":"closed","template":"page-templates\/webinar.php","meta":{"_acf_changed":false,"inline_featured_image":false,"_genesis_hide_title":false,"_genesis_hide_breadcrumbs":false,"_genesis_hide_singular_image":false,"_genesis_hide_footer_widgets":false,"_genesis_custom_body_class":"","_genesis_custom_post_class":"","_genesis_layout":"full-width-content","footnotes":""},"acf":[],"_links":{"self":[{"href":"https:\/\/easyliner.eu\/fr\/wp-json\/wp\/v2\/pages\/210"}],"collection":[{"href":"https:\/\/easyliner.eu\/fr\/wp-json\/wp\/v2\/pages"}],"about":[{"href":"https:\/\/easyliner.eu\/fr\/wp-json\/wp\/v2\/types\/page"}],"author":[{"embeddable":true,"href":"https:\/\/easyliner.eu\/fr\/wp-json\/wp\/v2\/users\/1"}],"replies":[{"embeddable":true,"href":"https:\/\/easyliner.eu\/fr\/wp-json\/wp\/v2\/comments?post=210"}],"version-history":[{"count":25,"href":"https:\/\/easyliner.eu\/fr\/wp-json\/wp\/v2\/pages\/210\/revisions"}],"predecessor-version":[{"id":2254,"href":"https:\/\/easyliner.eu\/fr\/wp-json\/wp\/v2\/pages\/210\/revisions\/2254"}],"wp:featuredmedia":[{"embeddable":true,"href":"https:\/\/easyliner.eu\/fr\/wp-json\/wp\/v2\/media\/1207"}],"wp:attachment":[{"href":"https:\/\/easyliner.eu\/fr\/wp-json\/wp\/v2\/media?parent=210"}],"curies":[{"name":"wp","href":"https:\/\/api.w.org\/{rel}","templated":true}]}}