{"id":2309,"date":"2022-12-14T12:07:03","date_gmt":"2022-12-14T11:07:03","guid":{"rendered":"https:\/\/easyliner.eu\/fr\/?page_id=2309"},"modified":"2023-02-06T11:56:04","modified_gmt":"2023-02-06T10:56:04","slug":"selecteur-de-code-de-chaussettes-prothetiques","status":"publish","type":"page","link":"https:\/\/easyliner.eu\/fr\/selecteur-de-code-de-chaussettes-prothetiques\/","title":{"rendered":"S\u00e9lecteur de code de chaussettes proth\u00e9tiques"},"content":{"rendered":"<h3><span style=\"color: #009d95;\">Identifiez le<\/span> code du produit<\/h3>\n<p>Gr\u00e2ce \u00e0 notre s\u00e9lecteur de code produit, <strong>il est facile d\u2019identifier le code du produit qui convient le mieux aux besoins de vos patients<\/strong>, de sorte que passer votre commande est rapide et simple.<\/p>\n<p><strong>Si vous \u00eates un utilisateur de produits proth\u00e9tiques<\/strong>, \u00e9crivez-nous \u00e0 info@easyliner.eu et nous vous aiderons \u00e0 trouver le magasin de fournitures orthop\u00e9diques le plus proche de chez vous o\u00f9 vous pourrez trouver tous les produits ALPS dont vous avez besoin.<\/p>\n","protected":false},"excerpt":{"rendered":"<p>Identifiez le code du produit Gr\u00e2ce \u00e0 notre s\u00e9lecteur de code produit, il est facile d\u2019identifier le code du produit [&hellip;]<\/p>\n","protected":false},"author":19,"featured_media":0,"parent":0,"menu_order":0,"comment_status":"closed","ping_status":"closed","template":"page-templates\/product-code-selector.php","meta":{"_acf_changed":false,"inline_featured_image":false,"_genesis_hide_title":false,"_genesis_hide_breadcrumbs":false,"_genesis_hide_singular_image":false,"_genesis_hide_footer_widgets":false,"_genesis_custom_body_class":"","_genesis_custom_post_class":"","_genesis_layout":"","footnotes":""},"acf":[],"_links":{"self":[{"href":"https:\/\/easyliner.eu\/fr\/wp-json\/wp\/v2\/pages\/2309"}],"collection":[{"href":"https:\/\/easyliner.eu\/fr\/wp-json\/wp\/v2\/pages"}],"about":[{"href":"https:\/\/easyliner.eu\/fr\/wp-json\/wp\/v2\/types\/page"}],"author":[{"embeddable":true,"href":"https:\/\/easyliner.eu\/fr\/wp-json\/wp\/v2\/users\/19"}],"replies":[{"embeddable":true,"href":"https:\/\/easyliner.eu\/fr\/wp-json\/wp\/v2\/comments?post=2309"}],"version-history":[{"count":3,"href":"https:\/\/easyliner.eu\/fr\/wp-json\/wp\/v2\/pages\/2309\/revisions"}],"predecessor-version":[{"id":2312,"href":"https:\/\/easyliner.eu\/fr\/wp-json\/wp\/v2\/pages\/2309\/revisions\/2312"}],"wp:attachment":[{"href":"https:\/\/easyliner.eu\/fr\/wp-json\/wp\/v2\/media?parent=2309"}],"curies":[{"name":"wp","href":"https:\/\/api.w.org\/{rel}","templated":true}]}}