{"id":2330,"date":"2023-02-13T08:33:55","date_gmt":"2023-02-13T07:33:55","guid":{"rendered":"https:\/\/easyliner.eu\/fr\/?page_id=2330"},"modified":"2023-02-13T08:34:48","modified_gmt":"2023-02-13T07:34:48","slug":"comment-prendre-soin-dun-membre-residuel","status":"publish","type":"page","link":"https:\/\/easyliner.eu\/fr\/comment-prendre-soin-dun-membre-residuel\/","title":{"rendered":"Comment prendre soin d\u2019un membre r\u00e9siduel"},"content":{"rendered":"<p>Au cours de la p\u00e9riode suivant imm\u00e9diatement l\u2019amputation chirurgicale, le personnel m\u00e9dical sera charg\u00e9 de s\u2019assurer que les plaies gu\u00e9rissent correctement et compl\u00e8tement, et de vous dire exactement ce que vous avez besoin de savoir. Une fois pass\u00e9e la phase post-op\u00e9ratoire, une proth\u00e8se vous sera install\u00e9e. Cette vid\u00e9o va vous fournir quelques indications simples \u00e0 suivre lors de votre toilette quotidienne, pour vous assurer que la peau du membre r\u00e9siduel reste saine.<\/p>\n","protected":false},"excerpt":{"rendered":"<p>Au cours de la p\u00e9riode suivant imm\u00e9diatement l\u2019amputation chirurgicale, le personnel m\u00e9dical sera charg\u00e9 de s\u2019assurer que les plaies gu\u00e9rissent [&hellip;]<\/p>\n","protected":false},"author":21,"featured_media":0,"parent":0,"menu_order":0,"comment_status":"closed","ping_status":"closed","template":"page-templates\/video.php","meta":{"_acf_changed":false,"inline_featured_image":false,"_genesis_hide_title":false,"_genesis_hide_breadcrumbs":false,"_genesis_hide_singular_image":false,"_genesis_hide_footer_widgets":false,"_genesis_custom_body_class":"","_genesis_custom_post_class":"","_genesis_layout":"","footnotes":""},"acf":[],"_links":{"self":[{"href":"https:\/\/easyliner.eu\/fr\/wp-json\/wp\/v2\/pages\/2330"}],"collection":[{"href":"https:\/\/easyliner.eu\/fr\/wp-json\/wp\/v2\/pages"}],"about":[{"href":"https:\/\/easyliner.eu\/fr\/wp-json\/wp\/v2\/types\/page"}],"author":[{"embeddable":true,"href":"https:\/\/easyliner.eu\/fr\/wp-json\/wp\/v2\/users\/21"}],"replies":[{"embeddable":true,"href":"https:\/\/easyliner.eu\/fr\/wp-json\/wp\/v2\/comments?post=2330"}],"version-history":[{"count":1,"href":"https:\/\/easyliner.eu\/fr\/wp-json\/wp\/v2\/pages\/2330\/revisions"}],"predecessor-version":[{"id":2331,"href":"https:\/\/easyliner.eu\/fr\/wp-json\/wp\/v2\/pages\/2330\/revisions\/2331"}],"wp:attachment":[{"href":"https:\/\/easyliner.eu\/fr\/wp-json\/wp\/v2\/media?parent=2330"}],"curies":[{"name":"wp","href":"https:\/\/api.w.org\/{rel}","templated":true}]}}