{"id":2332,"date":"2023-02-13T08:36:05","date_gmt":"2023-02-13T07:36:05","guid":{"rendered":"https:\/\/easyliner.eu\/fr\/?page_id=2332"},"modified":"2023-02-13T08:36:33","modified_gmt":"2023-02-13T07:36:33","slug":"entretien-des-manchons-et-genouillere-alps","status":"publish","type":"page","link":"https:\/\/easyliner.eu\/fr\/entretien-des-manchons-et-genouillere-alps\/","title":{"rendered":"Entretien des manchons et genouill\u00e8re Alps"},"content":{"rendered":"<p>Les \u00e9tapes \u00e0 suivre pour que vos manchons ou genouill\u00e8res proth\u00e9tiques Alps restent propres sont simples mais fondamentales. Garder votre manchon propre est essentiel pour \u00e9viter des probl\u00e8mes ult\u00e9rieurs. Cette vid\u00e9o va vous fournir quelques indications simples \u00e0 suivre pour garder votre manchon et votre genouill\u00e8re propres.<\/p>\n","protected":false},"excerpt":{"rendered":"<p>Les \u00e9tapes \u00e0 suivre pour que vos manchons ou genouill\u00e8res proth\u00e9tiques Alps restent propres sont simples mais fondamentales. Garder votre [&hellip;]<\/p>\n","protected":false},"author":21,"featured_media":0,"parent":0,"menu_order":0,"comment_status":"closed","ping_status":"closed","template":"page-templates\/video.php","meta":{"_acf_changed":false,"inline_featured_image":false,"_genesis_hide_title":false,"_genesis_hide_breadcrumbs":false,"_genesis_hide_singular_image":false,"_genesis_hide_footer_widgets":false,"_genesis_custom_body_class":"","_genesis_custom_post_class":"","_genesis_layout":"","footnotes":""},"acf":[],"_links":{"self":[{"href":"https:\/\/easyliner.eu\/fr\/wp-json\/wp\/v2\/pages\/2332"}],"collection":[{"href":"https:\/\/easyliner.eu\/fr\/wp-json\/wp\/v2\/pages"}],"about":[{"href":"https:\/\/easyliner.eu\/fr\/wp-json\/wp\/v2\/types\/page"}],"author":[{"embeddable":true,"href":"https:\/\/easyliner.eu\/fr\/wp-json\/wp\/v2\/users\/21"}],"replies":[{"embeddable":true,"href":"https:\/\/easyliner.eu\/fr\/wp-json\/wp\/v2\/comments?post=2332"}],"version-history":[{"count":1,"href":"https:\/\/easyliner.eu\/fr\/wp-json\/wp\/v2\/pages\/2332\/revisions"}],"predecessor-version":[{"id":2333,"href":"https:\/\/easyliner.eu\/fr\/wp-json\/wp\/v2\/pages\/2332\/revisions\/2333"}],"wp:attachment":[{"href":"https:\/\/easyliner.eu\/fr\/wp-json\/wp\/v2\/media?parent=2332"}],"curies":[{"name":"wp","href":"https:\/\/api.w.org\/{rel}","templated":true}]}}