{"id":2334,"date":"2023-02-13T08:38:05","date_gmt":"2023-02-13T07:38:05","guid":{"rendered":"https:\/\/easyliner.eu\/fr\/?page_id=2334"},"modified":"2023-02-13T10:48:34","modified_gmt":"2023-02-13T09:48:34","slug":"emboitement-temporaire-avec-v-i-p-alps","status":"publish","type":"page","link":"https:\/\/easyliner.eu\/fr\/emboitement-temporaire-avec-v-i-p-alps\/","title":{"rendered":"Embo\u00eetement temporaire avec V.I.P. Alps"},"content":{"rendered":"<p>D\u00e9couvrez dans cette vid\u00e9o la facilit\u00e9 d\u2019installation de la V.I.P. ALPS dans des embo\u00eetures proth\u00e9tiques temporaires. Le syst\u00e8me n\u00e9cessite d\u2019utiliser une genouill\u00e8re de suspension telle que la SFX Flex ALPS, associ\u00e9e \u00e0 un manchon version cushion ou un manchon Smart Seal ALPS afin de cr\u00e9er une \u00e9tanch\u00e9it\u00e9 proximale. Pour fabriquer l\u2019embo\u00eeture proth\u00e9tique temporaire, nous avons utilis\u00e9 :<\/p>\n<ul>\n<li>V.I.P. Valve \u00e0 d\u00e9pressurisation active \u2013 (N\u00b0 pi\u00e8ce VIP-DL).<\/li>\n<li>V.I.P. Dummy (N\u00b0 de pi\u00e8ce VE319-D).<\/li>\n<li>V.I.P. Plaque de montage (N\u00b0 de pi\u00e8ce VE819-P).<\/li>\n<\/ul>\n<p>Adaptateur ALPS pour embo\u00eeture proth\u00e9tique 4 orifices. Valve de d\u00e9pressurisation active : simplicit\u00e9 hi-tech<\/p>\n","protected":false},"excerpt":{"rendered":"<p>D\u00e9couvrez dans cette vid\u00e9o la facilit\u00e9 d\u2019installation de la V.I.P. ALPS dans des embo\u00eetures proth\u00e9tiques temporaires. Le syst\u00e8me n\u00e9cessite d\u2019utiliser [&hellip;]<\/p>\n","protected":false},"author":21,"featured_media":0,"parent":0,"menu_order":0,"comment_status":"closed","ping_status":"closed","template":"page-templates\/video.php","meta":{"_acf_changed":false,"inline_featured_image":false,"_genesis_hide_title":false,"_genesis_hide_breadcrumbs":false,"_genesis_hide_singular_image":false,"_genesis_hide_footer_widgets":false,"_genesis_custom_body_class":"","_genesis_custom_post_class":"","_genesis_layout":"","footnotes":""},"acf":[],"_links":{"self":[{"href":"https:\/\/easyliner.eu\/fr\/wp-json\/wp\/v2\/pages\/2334"}],"collection":[{"href":"https:\/\/easyliner.eu\/fr\/wp-json\/wp\/v2\/pages"}],"about":[{"href":"https:\/\/easyliner.eu\/fr\/wp-json\/wp\/v2\/types\/page"}],"author":[{"embeddable":true,"href":"https:\/\/easyliner.eu\/fr\/wp-json\/wp\/v2\/users\/21"}],"replies":[{"embeddable":true,"href":"https:\/\/easyliner.eu\/fr\/wp-json\/wp\/v2\/comments?post=2334"}],"version-history":[{"count":2,"href":"https:\/\/easyliner.eu\/fr\/wp-json\/wp\/v2\/pages\/2334\/revisions"}],"predecessor-version":[{"id":2343,"href":"https:\/\/easyliner.eu\/fr\/wp-json\/wp\/v2\/pages\/2334\/revisions\/2343"}],"wp:attachment":[{"href":"https:\/\/easyliner.eu\/fr\/wp-json\/wp\/v2\/media?parent=2334"}],"curies":[{"name":"wp","href":"https:\/\/api.w.org\/{rel}","templated":true}]}}