{"id":2346,"date":"2023-02-21T11:14:16","date_gmt":"2023-02-21T10:14:16","guid":{"rendered":"https:\/\/easyliner.test\/fr\/?page_id=2346"},"modified":"2023-03-06T09:28:42","modified_gmt":"2023-03-06T08:28:42","slug":"philanthropie","status":"publish","type":"page","link":"https:\/\/easyliner.eu\/fr\/a-propos-de\/philanthropie\/","title":{"rendered":"Philanthropie"},"content":{"rendered":"<p><span data-sheets-value=\"{&quot;1&quot;:2,&quot;2&quot;:&quot;ALPS s\u2019engage \u00e0 aider les personnes du monde entier \u00e0 am\u00e9liorer leur mobilit\u00e9, gr\u00e2ce \u00e0 sa gamme diversifi\u00e9e de solutions proth\u00e9tiques. C\u2019est pourquoi nous sommes fiers de soutenir et collaborer avec des organismes au service de ceux qui vivent avec un membre en moins, en fournissant les ressources dont ils ont besoin pour mieux vivre.&quot;}\" data-sheets-userformat=\"{&quot;2&quot;:15299,&quot;3&quot;:{&quot;1&quot;:0},&quot;4&quot;:{&quot;1&quot;:2,&quot;2&quot;:65280},&quot;9&quot;:0,&quot;10&quot;:0,&quot;11&quot;:4,&quot;12&quot;:0,&quot;14&quot;:{&quot;1&quot;:2,&quot;2&quot;:3355443},&quot;15&quot;:&quot;Roboto&quot;,&quot;16&quot;:12}\">ALPS s\u2019engage \u00e0 aider les personnes du monde entier \u00e0 am\u00e9liorer leur mobilit\u00e9, gr\u00e2ce \u00e0 sa gamme diversifi\u00e9e de solutions proth\u00e9tiques. C\u2019est pourquoi nous sommes fiers de soutenir et collaborer avec des organismes au service de ceux qui vivent avec un membre en moins, en fournissant les ressources dont ils ont besoin pour mieux vivre. <strong>Making lives better.<\/strong><\/span><\/p>\n","protected":false},"excerpt":{"rendered":"<p>ALPS s\u2019engage \u00e0 aider les personnes du monde entier \u00e0 am\u00e9liorer leur mobilit\u00e9, gr\u00e2ce \u00e0 sa gamme diversifi\u00e9e de solutions [&hellip;]<\/p>\n","protected":false},"author":3,"featured_media":0,"parent":92,"menu_order":0,"comment_status":"closed","ping_status":"closed","template":"page-templates\/philanthropy.php","meta":{"_acf_changed":false,"inline_featured_image":false,"_genesis_hide_title":false,"_genesis_hide_breadcrumbs":false,"_genesis_hide_singular_image":false,"_genesis_hide_footer_widgets":false,"_genesis_custom_body_class":"","_genesis_custom_post_class":"","_genesis_layout":"full-width-content","footnotes":""},"acf":[],"_links":{"self":[{"href":"https:\/\/easyliner.eu\/fr\/wp-json\/wp\/v2\/pages\/2346"}],"collection":[{"href":"https:\/\/easyliner.eu\/fr\/wp-json\/wp\/v2\/pages"}],"about":[{"href":"https:\/\/easyliner.eu\/fr\/wp-json\/wp\/v2\/types\/page"}],"author":[{"embeddable":true,"href":"https:\/\/easyliner.eu\/fr\/wp-json\/wp\/v2\/users\/3"}],"replies":[{"embeddable":true,"href":"https:\/\/easyliner.eu\/fr\/wp-json\/wp\/v2\/comments?post=2346"}],"version-history":[{"count":3,"href":"https:\/\/easyliner.eu\/fr\/wp-json\/wp\/v2\/pages\/2346\/revisions"}],"predecessor-version":[{"id":2352,"href":"https:\/\/easyliner.eu\/fr\/wp-json\/wp\/v2\/pages\/2346\/revisions\/2352"}],"up":[{"embeddable":true,"href":"https:\/\/easyliner.eu\/fr\/wp-json\/wp\/v2\/pages\/92"}],"wp:attachment":[{"href":"https:\/\/easyliner.eu\/fr\/wp-json\/wp\/v2\/media?parent=2346"}],"curies":[{"name":"wp","href":"https:\/\/api.w.org\/{rel}","templated":true}]}}