{"id":2412,"date":"2023-11-16T14:22:56","date_gmt":"2023-11-16T13:22:56","guid":{"rendered":"https:\/\/easyliner.eu\/fr\/?page_id=2412"},"modified":"2023-11-16T14:23:17","modified_gmt":"2023-11-16T13:23:17","slug":"comment-fonctionne-alps-vip","status":"publish","type":"page","link":"https:\/\/easyliner.eu\/fr\/comment-fonctionne-alps-vip\/","title":{"rendered":"Comment fonctionne ALPS VIP\u00ae"},"content":{"rendered":"<p><span style=\"font-weight: 400;\">D\u00e9couvrez comment la simplicit\u00e9 high-tech de la valve \u00e0 d\u00e9pressurisation active ALPS VIP\u00ae (Vacuum Integrated Pump) cr\u00e9e une suspension \u00e0 d\u00e9pressurisation active pour les utilisateurs de proth\u00e8ses. Ce syst\u00e8me innovant garantit un ajustement s\u00fbr et un confort accru tout au long de la journ\u00e9e. Regardez-nous expliquer le processus \u00e9tape par \u00e9tape et d\u00e9couvrez comment cette technologie l\u00e9g\u00e8re et sans pile peut faire une diff\u00e9rence significative pour les utilisateurs de proth\u00e8ses.<\/span><\/p>\n<p><span style=\"font-weight: 400;\">D\u00e9couvrez la simplicit\u00e9 high-tech d&rsquo;ALPS VIP\u00ae.<\/span><\/p>\n","protected":false},"excerpt":{"rendered":"<p>D\u00e9couvrez comment la simplicit\u00e9 high-tech de la valve \u00e0 d\u00e9pressurisation active ALPS VIP\u00ae (Vacuum Integrated Pump) cr\u00e9e une suspension \u00e0 [&hellip;]<\/p>\n","protected":false},"author":15,"featured_media":0,"parent":0,"menu_order":0,"comment_status":"closed","ping_status":"closed","template":"page-templates\/video.php","meta":{"_acf_changed":false,"inline_featured_image":false,"_genesis_hide_title":false,"_genesis_hide_breadcrumbs":false,"_genesis_hide_singular_image":false,"_genesis_hide_footer_widgets":false,"_genesis_custom_body_class":"","_genesis_custom_post_class":"","_genesis_layout":"full-width-content","footnotes":""},"acf":[],"_links":{"self":[{"href":"https:\/\/easyliner.eu\/fr\/wp-json\/wp\/v2\/pages\/2412"}],"collection":[{"href":"https:\/\/easyliner.eu\/fr\/wp-json\/wp\/v2\/pages"}],"about":[{"href":"https:\/\/easyliner.eu\/fr\/wp-json\/wp\/v2\/types\/page"}],"author":[{"embeddable":true,"href":"https:\/\/easyliner.eu\/fr\/wp-json\/wp\/v2\/users\/15"}],"replies":[{"embeddable":true,"href":"https:\/\/easyliner.eu\/fr\/wp-json\/wp\/v2\/comments?post=2412"}],"version-history":[{"count":4,"href":"https:\/\/easyliner.eu\/fr\/wp-json\/wp\/v2\/pages\/2412\/revisions"}],"predecessor-version":[{"id":2416,"href":"https:\/\/easyliner.eu\/fr\/wp-json\/wp\/v2\/pages\/2412\/revisions\/2416"}],"wp:attachment":[{"href":"https:\/\/easyliner.eu\/fr\/wp-json\/wp\/v2\/media?parent=2412"}],"curies":[{"name":"wp","href":"https:\/\/api.w.org\/{rel}","templated":true}]}}