{"id":2617,"date":"2025-06-04T14:04:27","date_gmt":"2025-06-04T12:04:27","guid":{"rendered":"https:\/\/easyliner.eu\/fr\/?page_id=2617"},"modified":"2025-06-04T14:04:27","modified_gmt":"2025-06-04T12:04:27","slug":"comment-basculer-entre-vip-et-vip-lock","status":"publish","type":"page","link":"https:\/\/easyliner.eu\/fr\/comment-basculer-entre-vip-et-vip-lock\/","title":{"rendered":"Comment basculer entre VIP et VIP Lock"},"content":{"rendered":"<p>D\u00e9couvrez comment vous pouvez facilement passer d\u2019un syst\u00e8me plongeur-accrochage \u00e0 une suspension \u00e0 d\u00e9pressurisation, ou inversement, en proc\u00e9dant \u00e0 des ajustements mineurs de l\u2019embo\u00eeture proth\u00e9tique en utilisant les dispositifs VIP et VIP Lock d\u2019ALPS.<\/p>\n<p>Dans ce tutoriel, un utilisateur transf\u00e9moral utilise le manchon UltraSeal combin\u00e9 avec le dispositif VIP d\u2019ALPS<\/p>\n","protected":false},"excerpt":{"rendered":"<p>D\u00e9couvrez comment vous pouvez facilement passer d\u2019un syst\u00e8me plongeur-accrochage \u00e0 une suspension \u00e0 d\u00e9pressurisation, ou inversement, en proc\u00e9dant \u00e0 des [&hellip;]<\/p>\n","protected":false},"author":15,"featured_media":0,"parent":0,"menu_order":0,"comment_status":"closed","ping_status":"closed","template":"page-templates\/video.php","meta":{"_acf_changed":false,"inline_featured_image":false,"_genesis_hide_title":false,"_genesis_hide_breadcrumbs":false,"_genesis_hide_singular_image":false,"_genesis_hide_footer_widgets":false,"_genesis_custom_body_class":"","_genesis_custom_post_class":"","_genesis_layout":"full-width-content","footnotes":""},"acf":[],"_links":{"self":[{"href":"https:\/\/easyliner.eu\/fr\/wp-json\/wp\/v2\/pages\/2617"}],"collection":[{"href":"https:\/\/easyliner.eu\/fr\/wp-json\/wp\/v2\/pages"}],"about":[{"href":"https:\/\/easyliner.eu\/fr\/wp-json\/wp\/v2\/types\/page"}],"author":[{"embeddable":true,"href":"https:\/\/easyliner.eu\/fr\/wp-json\/wp\/v2\/users\/15"}],"replies":[{"embeddable":true,"href":"https:\/\/easyliner.eu\/fr\/wp-json\/wp\/v2\/comments?post=2617"}],"version-history":[{"count":2,"href":"https:\/\/easyliner.eu\/fr\/wp-json\/wp\/v2\/pages\/2617\/revisions"}],"predecessor-version":[{"id":2619,"href":"https:\/\/easyliner.eu\/fr\/wp-json\/wp\/v2\/pages\/2617\/revisions\/2619"}],"wp:attachment":[{"href":"https:\/\/easyliner.eu\/fr\/wp-json\/wp\/v2\/media?parent=2617"}],"curies":[{"name":"wp","href":"https:\/\/api.w.org\/{rel}","templated":true}]}}