{"id":270,"date":"2021-12-06T22:12:20","date_gmt":"2021-12-06T21:12:20","guid":{"rendered":"https:\/\/alps.testing-dev.one\/?page_id=270"},"modified":"2023-08-22T12:25:10","modified_gmt":"2023-08-22T10:25:10","slug":"nos-produits","status":"publish","type":"page","link":"https:\/\/easyliner.eu\/fr\/nos-produits\/","title":{"rendered":"Nos produits"},"content":{"rendered":"<p style=\"font-weight: 400;\">ALPS se consacre depuis pr\u00e8s de 30\u00a0ans \u00e0 la conception et la fabrication de manchons de haute qualit\u00e9 exclusivement, pour offrir aux gens toute la mobilit\u00e9 dont ils ont besoin.<br \/>\n Gr\u00e2ce \u00e0 son implication et \u00e0 son sens de l\u2019innovation, Alps a d\u00e9velopp\u00e9 d\u2019autres solutions de haute qualit\u00e9 que les manchons, inspir\u00e9es par la mission qui porte l\u2019entreprise depuis 1988\u00a0: Making Lives Better.<\/p>\n","protected":false},"excerpt":{"rendered":"<p>ALPS se consacre depuis pr\u00e8s de 30\u00a0ans \u00e0 la conception et la fabrication de manchons de haute qualit\u00e9 exclusivement, pour [&hellip;]<\/p>\n","protected":false},"author":1,"featured_media":0,"parent":0,"menu_order":0,"comment_status":"closed","ping_status":"closed","template":"page-templates\/our-products.php","meta":{"_acf_changed":false,"inline_featured_image":false,"_genesis_hide_title":false,"_genesis_hide_breadcrumbs":false,"_genesis_hide_singular_image":false,"_genesis_hide_footer_widgets":false,"_genesis_custom_body_class":"","_genesis_custom_post_class":"","_genesis_layout":"full-width-content","footnotes":""},"acf":[],"_links":{"self":[{"href":"https:\/\/easyliner.eu\/fr\/wp-json\/wp\/v2\/pages\/270"}],"collection":[{"href":"https:\/\/easyliner.eu\/fr\/wp-json\/wp\/v2\/pages"}],"about":[{"href":"https:\/\/easyliner.eu\/fr\/wp-json\/wp\/v2\/types\/page"}],"author":[{"embeddable":true,"href":"https:\/\/easyliner.eu\/fr\/wp-json\/wp\/v2\/users\/1"}],"replies":[{"embeddable":true,"href":"https:\/\/easyliner.eu\/fr\/wp-json\/wp\/v2\/comments?post=270"}],"version-history":[{"count":3,"href":"https:\/\/easyliner.eu\/fr\/wp-json\/wp\/v2\/pages\/270\/revisions"}],"predecessor-version":[{"id":2231,"href":"https:\/\/easyliner.eu\/fr\/wp-json\/wp\/v2\/pages\/270\/revisions\/2231"}],"wp:attachment":[{"href":"https:\/\/easyliner.eu\/fr\/wp-json\/wp\/v2\/media?parent=270"}],"curies":[{"name":"wp","href":"https:\/\/api.w.org\/{rel}","templated":true}]}}