{"id":2740,"date":"2026-03-06T09:02:31","date_gmt":"2026-03-06T08:02:31","guid":{"rendered":"https:\/\/easyliner.eu\/fr\/?page_id=2740"},"modified":"2026-03-06T09:02:31","modified_gmt":"2026-03-06T08:02:31","slug":"le-moulage-avec-le-manchon-pro-fit-optigel","status":"publish","type":"page","link":"https:\/\/easyliner.eu\/fr\/le-moulage-avec-le-manchon-pro-fit-optigel\/","title":{"rendered":"Moulage avec le manchon Pro-Fit OptiGel\u00a0: un guide pas \u00e0 pas pour les manchons en gel ALPS"},"content":{"rendered":"<p>Dans cette vid\u00e9o, nous pr\u00e9sentons la proc\u00e9dure de moulage \u00e0 l\u2019aide du manchon Pro-Fit OptiGel, avec un processus pouvant \u00eatre appliqu\u00e9 \u00e0 tous les manchons en gel ALPS. Ce guide vous accompagne \u00e0 chaque \u00e9tape du processus, en mettant en \u00e9vidence les consid\u00e9rations cliniques essentielles pour garantir un ajustement optimal de l\u2019embo\u00eetement, une gestion du volume et un confort optimal de l\u2019utilisateur. De l\u2019application du manchon \u00e0 la technique de moulage, vous d\u00e9couvrirez des astuces pratiques pour des r\u00e9sultats constants et reproductibles au quotidien.<\/p>\n","protected":false},"excerpt":{"rendered":"<p>Dans cette vid\u00e9o, nous pr\u00e9sentons la proc\u00e9dure de moulage \u00e0 l\u2019aide du manchon Pro-Fit OptiGel, avec un processus pouvant \u00eatre [&hellip;]<\/p>\n","protected":false},"author":15,"featured_media":5175,"parent":0,"menu_order":0,"comment_status":"closed","ping_status":"closed","template":"page-templates\/video.php","meta":{"_acf_changed":false,"inline_featured_image":false,"_genesis_hide_title":false,"_genesis_hide_breadcrumbs":false,"_genesis_hide_singular_image":false,"_genesis_hide_footer_widgets":false,"_genesis_custom_body_class":"","_genesis_custom_post_class":"","_genesis_layout":"full-width-content","footnotes":""},"acf":[],"_links":{"self":[{"href":"https:\/\/easyliner.eu\/fr\/wp-json\/wp\/v2\/pages\/2740"}],"collection":[{"href":"https:\/\/easyliner.eu\/fr\/wp-json\/wp\/v2\/pages"}],"about":[{"href":"https:\/\/easyliner.eu\/fr\/wp-json\/wp\/v2\/types\/page"}],"author":[{"embeddable":true,"href":"https:\/\/easyliner.eu\/fr\/wp-json\/wp\/v2\/users\/15"}],"replies":[{"embeddable":true,"href":"https:\/\/easyliner.eu\/fr\/wp-json\/wp\/v2\/comments?post=2740"}],"version-history":[{"count":2,"href":"https:\/\/easyliner.eu\/fr\/wp-json\/wp\/v2\/pages\/2740\/revisions"}],"predecessor-version":[{"id":2743,"href":"https:\/\/easyliner.eu\/fr\/wp-json\/wp\/v2\/pages\/2740\/revisions\/2743"}],"wp:featuredmedia":[{"embeddable":true,"href":"https:\/\/easyliner.eu\/fr\/wp-json\/"}],"wp:attachment":[{"href":"https:\/\/easyliner.eu\/fr\/wp-json\/wp\/v2\/media?parent=2740"}],"curies":[{"name":"wp","href":"https:\/\/api.w.org\/{rel}","templated":true}]}}