{"id":360,"date":"2021-12-09T17:25:01","date_gmt":"2021-12-09T16:25:01","guid":{"rendered":"https:\/\/alps.testing-dev.one\/?page_id=360"},"modified":"2023-08-22T12:25:40","modified_gmt":"2023-08-22T10:25:40","slug":"ambassadeurs","status":"publish","type":"page","link":"https:\/\/easyliner.eu\/fr\/ambassadeurs\/","title":{"rendered":"Ambassadeurs"},"content":{"rendered":"<p>Laissez-vous inspirer par les histoires qui nous motivent afin de continuer \u00e0 faire de notre mieux chaque jour, pour am\u00e9liorer les vies et la mobilit\u00e9 de personnes qui ont perdu une jambe.<br \/>\n Ce sont les histoires de personnes qui ont trouv\u00e9 la motivation et la force de repartir de z\u00e9ro, de prendre leur vie en main et d\u2019en faire quelque chose de pr\u00e9cieux et d\u2019unique.<\/p>\n","protected":false},"excerpt":{"rendered":"<p>Laissez-vous inspirer par les histoires qui nous motivent afin de continuer \u00e0 faire de notre mieux chaque jour, pour am\u00e9liorer [&hellip;]<\/p>\n","protected":false},"author":1,"featured_media":0,"parent":0,"menu_order":0,"comment_status":"closed","ping_status":"closed","template":"page-templates\/testimonials.php","meta":{"_acf_changed":false,"inline_featured_image":false,"_genesis_hide_title":false,"_genesis_hide_breadcrumbs":false,"_genesis_hide_singular_image":false,"_genesis_hide_footer_widgets":false,"_genesis_custom_body_class":"","_genesis_custom_post_class":"","_genesis_layout":"full-width-content","footnotes":""},"acf":[],"_links":{"self":[{"href":"https:\/\/easyliner.eu\/fr\/wp-json\/wp\/v2\/pages\/360"}],"collection":[{"href":"https:\/\/easyliner.eu\/fr\/wp-json\/wp\/v2\/pages"}],"about":[{"href":"https:\/\/easyliner.eu\/fr\/wp-json\/wp\/v2\/types\/page"}],"author":[{"embeddable":true,"href":"https:\/\/easyliner.eu\/fr\/wp-json\/wp\/v2\/users\/1"}],"replies":[{"embeddable":true,"href":"https:\/\/easyliner.eu\/fr\/wp-json\/wp\/v2\/comments?post=360"}],"version-history":[{"count":5,"href":"https:\/\/easyliner.eu\/fr\/wp-json\/wp\/v2\/pages\/360\/revisions"}],"predecessor-version":[{"id":2232,"href":"https:\/\/easyliner.eu\/fr\/wp-json\/wp\/v2\/pages\/360\/revisions\/2232"}],"wp:attachment":[{"href":"https:\/\/easyliner.eu\/fr\/wp-json\/wp\/v2\/media?parent=360"}],"curies":[{"name":"wp","href":"https:\/\/api.w.org\/{rel}","templated":true}]}}